{"id":2881,"date":"2019-01-17T13:01:09","date_gmt":"2019-01-17T11:01:09","guid":{"rendered":"https:\/\/www.monopol-colors.ch\/?page_id=2881"},"modified":"2021-09-07T09:56:00","modified_gmt":"2021-09-07T07:56:00","slug":"allgemeine-geschaeftsbedingungen","status":"publish","type":"page","link":"https:\/\/www.monopol-colors.ch\/de\/allgemeine-geschaeftsbedingungen\/","title":{"rendered":"Allgemeine Gesch\u00e4ftsbedingungen"},"content":{"rendered":"<div class=\"wpb-content-wrapper\"><p>[vc_row el_class=&#8220;white narrow&#8220;][vc_column][vc_column_text]<\/p>\n<h1>Allgemeine Gesch\u00e4ftsbedingungen<\/h1>\n<h2>Monopol AG, 5442 Fislisbach, Schweiz<\/h2>\n<h3>Grundlagen<\/h3>\n<p>Die AGB der Monopol AG sind mit der schriftlichen bzw. m\u00fcndlichen Auftragserteilung durch den Kunden verbindlich und gelten f\u00fcr s\u00e4mtliche Lieferungen und Leistungen der Monopol AG, soweit in der von Monopol AG unterbreiteten Offerte bzw. schriftlichen Auftragsbest\u00e4tigung keine abweichende Regelung getroffen wird. Anderslautende Bedingungen haben nur G\u00fcltigkeit soweit diese Monopol AG schriftlich akzeptiert. Die AGB gelten mit Zugang der schriftlichen Auftragsbest\u00e4tigung von Monopol AG beim Kunden oder, wenn eine solche nicht erfolgt, mit Vornahme der Lieferung als vertraglich gebunden.<\/p>\n<h3>Umfang und Ausf\u00fchrung von Lieferungen und Leistungen<\/h3>\n<p>Erfolgt eine Auftragsbest\u00e4tigung durch Monopol AG oder bestehen beidseitig unterzeichnete Vertragsunterlagen, gelten Umfang und Ausf\u00fchrung von Lieferungen und Leistungen als darin abschliessend umschrieben. Soweit in der Auftragsbest\u00e4tigung oder den beidseitig unterzeichneten Vertragsunterlagen nicht anderweitig festgehalten, ist der Kunde f\u00fcr die Verwendung s\u00e4mtlicher durch Monopol AG gelieferten Waren bzw. zum Gebrauch \u00fcberlassenen Gegenst\u00e4nden und Leistungen, namentlich auch die Interpretation von Werten, die Monopol AG misst und bekannt gibt, allein verantwortlich. Aus Leistungen betreffend Einf\u00fchrungen bzw. technische Beratungen entstehen f\u00fcr Monopol AG nur dann Verpflichtungen, wenn sie die Erbringung dieser Leistungen in der Auftragsbest\u00e4tigung oder den beidseitig unterzeichneten Vertragsunterlagen schriftlich zugesichert hat. Auch die Anwesenheit oder \u00dcberwachung von Monopol-Mitarbeitern auf der Baustelle\/Werk ohne spezielle schriftliche Vereinbarung begr\u00fcnden keine Anspr\u00fcche des Kunden.<\/p>\n<h3>Farbtonbestellungen<\/h3>\n<p>Bei farbtongleichen Nachbestellungen muss grunds\u00e4tzlich die Auftrags- bzw. Lieferschein-Nr. des letzten Farbtonauftrages angegeben werden. Farbtonvergleiche zum Zweck von Nachbestellungen sind unter gleichen Bedingungen vorzunehmen. Produktmengen, die mit einem Farbtonfehler behaftet sind, werden nur dann ersetzt, wenn der zul\u00e4ssige Toleranzbereich \u00fcberschritten und der Farbton vor der Verarbeitung am Objekt gepr\u00fcft wurde und der Fehler eindeutig im Verantwortungsbereich von Monopol AG liegt. Verarbeitungs- oder Nacharbeitungs-kosten, die durch die Anwendung fehlerhafter Farbt\u00f6ne entstehen, k\u00f6nnen bei einer unterlassenen Farbtonkontrolle \u2013 die vor der Anwendung zwingend notwendig ist und f\u00fcr die der Kunde und Verarbeiter verantwortlich ist \u2013 nicht ersetzt werden.<\/p>\n<h3>Mehr- oder Minderlieferungen, Teillieferungen<\/h3>\n<p>Produktions- wie auch logistikbedingt k\u00f6nnen Mehr-, Minder- oder Teillieferungen resultieren, ohne dass dem Besteller hieraus Anspr\u00fcche zustehen. Die bestellte und best\u00e4tigte Menge darf bei Bestellungen bis 200 kg um 20\u2009% und gr\u00f6sser als 200 kg um 10\u2009% unter- oder \u00fcberschritten werden. Bei Teillieferungen gehen die Transportkosten der Restlieferung zu Lasten der Monopol AG.<\/p>\n<h3>Lieferbedingungen und Preise<\/h3>\n<p>Monopol AG liefert s\u00e4mtliche Liefergegenst\u00e4nde an den Kunden bzw. vom Kunden benannte Dritte in der Regel t\u00e4glich je nach Region. Zeitrestriktionen k\u00f6nnen nicht garantiert werden. Sonderfahrten erfolgen gegen Verrechnung. Alle Preise verstehen sich in Schweizer Franken (CHF) exklusive Mehrwertsteuer, VOC-Lenkungsabgaben und Transportkosten. Preis\u00e4nderungen bleiben ausdr\u00fccklich vorbehalten. Zahlungen sind ohne Abzug von Skonto, Spesen, Steuern und Geb\u00fchren innert 30 Tagen ab Rechnungsdatum zu leisten. Allf\u00e4llige M\u00e4ngelr\u00fcgen entbinden nicht von der Einhaltung der Lieferungs- und Zahlungsbedingungen.<\/p>\n<h3>Versand- und Transportkosten<\/h3>\n<p>Ab CHF 1000.\u2013 Warenwert (exkl. VOC-Lenkungsabgabe und MWST) erfolgen die Lieferungen innerhalb der Schweiz CIP (Incoterms 2010). Expresskosten gehen immer zu Lasten des Empf\u00e4ngers. Transportsch\u00e4den (Manko, Bruch usw.) sind sofort, d.h. beim Empfang geltend zu machen. Bei Frankolieferungen wird ein LSVA-Transportkostenanteil basierend auf dem Bruttogewicht erhoben.<\/p>\n<h3>Gew\u00e4hrleistung<\/h3>\n<p>Monopol AG \u00fcbernimmt im Rahmen der anwendbaren gesetzlichen Bestimmungen eine Gew\u00e4hrleistung f\u00fcr die sachgem\u00e4sse Zusammensetzung der gelieferten Ware, f\u00fcr deren Eignung zum schriftlich zugesicherten Zweck sofern die Verarbeitungs- und Sicherheitsrichtlinien der Technischen Merkbl\u00e4tter und Sicherheitsdatenbl\u00e4tter eingehalten wurden, wobei eine Haftung in s\u00e4mtlichen F\u00e4llen einer leichten Fahrl\u00e4ssigkeit ausgeschlossen wird. S\u00e4mtliche Schadenersatzanspr\u00fcche infolge M\u00e4ngel der Kaufsache, sind der H\u00f6he nach auf den Kaufpreis beschr\u00e4nkt. Eine weitergehende Haftung wird nicht \u00fcbernommen, insbesondere nicht f\u00fcr die mit dem gelieferten Anstrichmaterial ausgef\u00fchrten Arbeiten, da Monopol AG auf die fachm\u00e4nnische Weiterverarbeitung keinen Einfluss hat. Explizit ausgeschlossen bleiben zudem s\u00e4mtliche Verm\u00f6gensanspr\u00fcche zufolge versp\u00e4teter Lieferung. Sofort erkennbare M\u00e4ngel k\u00f6nnen nur vor Verwendung und\u00a0 Vermischung der Ware und sp\u00e4testens 8 Tage nach deren Erhalt geltend gemacht werden. Alle ausserhalb von Einfluss und Kontrolle von Monopol AG liegenden Ereignisse und Tatsachen begr\u00fcnden keine Haftung und befreien von der Lieferverpflichtung.<\/p>\n<h3>Gebinde und Transportmittel<\/h3>\n<p>S\u00e4mtliche Gebinde sind Einweggebinde und werden nicht zur\u00fcckgenommen. Euro-Paletten und Palettenrahmen sind Eigentum der Monopol AG oder des Transportunternehmens. Falls diese bei der Lieferung nicht vollumf\u00e4nglich retourniert werden, erfolgt eine entsprechende Kostenbelastung.<\/p>\n<h3>Warenretouren<\/h3>\n<p>Monopol AG nimmt Warenretouren nur nach vorheriger Absprache und in einwandfreiem, originalverpacktem Zustand franko Fislisbach entgegen. Angebrochene Gebinde, Spezialprodukte, beschr\u00e4nkt haltbare Produkte und einzelne Bestandteile von Mehr-Komponenten-Produkten k\u00f6nnen nicht retourniert werden. Der Retourenwert wird auf der Basis des Warenwertes abz\u00fcglich Minderwert berechnet. Allf\u00e4llige Entsorgungskosten werden in Rechnung gestellt. Transportunternehmungen d\u00fcrfen keine Waren aufladen, die nicht mit den entsprechenden Deklarationen und Begleitpapieren versehen sind.<\/p>\n<h3>Gerichtsstand und anwendbares Recht<\/h3>\n<p>Gerichtsstand f\u00fcr beide Vertragsparteien ist 5400 Baden (Schweiz). Das Rechtsverh\u00e4ltnis untersteht schweizerischem Recht unter Ausschluss des \u00dcbereinkommens der Vereinten Nationen vom 11.04.1980 \u00fcber Vertr\u00e4ge \u00fcber den internationalen Warenverkauf.<\/p>\n<p>Monopol AG, August 2019[\/vc_column_text][\/vc_column][\/vc_row]<\/p>\n<\/div>","protected":false},"excerpt":{"rendered":"<p>[vc_row el_class=&#8220;white narrow&#8220;][vc_column][vc_column_text] Allgemeine Gesch\u00e4ftsbedingungen Monopol AG, 5442 Fislisbach, Schweiz Grundlagen Die AGB der Monopol AG sind mit der schriftlichen bzw. m\u00fcndlichen Auftragserteilung durch den Kunden verbindlich und gelten f\u00fcr s\u00e4mtliche Lieferungen und Leistungen der Monopol AG, soweit in der von Monopol AG unterbreiteten Offerte bzw. schriftlichen Auftragsbest\u00e4tigung keine abweichende Regelung getroffen wird. Anderslautende Bedingungen [&hellip;]<\/p>\n","protected":false},"author":5,"featured_media":0,"parent":0,"menu_order":86,"comment_status":"closed","ping_status":"closed","template":"page-impressum-datenschutz.php","meta":{"_acf_changed":false,"footnotes":""},"class_list":["post-2881","page","type-page","status-publish","hentry"],"acf":[],"yoast_head":"<!-- This site is optimized with the Yoast SEO plugin v27.1.1 - https:\/\/yoast.com\/product\/yoast-seo-wordpress\/ -->\n<title>Allgemeine Gesch\u00e4ftsbedingungen | Monopol Colors<\/title>\n<meta name=\"description\" content=\"Die allgemeinen Gesch\u00e4ftsbedingungen sind mit der Auftragserteilung durch den Kunden verbindlich und gelten f\u00fcr s\u00e4mtliche Lieferungen der Monopol AG.\" \/>\n<meta name=\"robots\" content=\"noindex, nofollow\" \/>\n<meta property=\"og:locale\" content=\"de_DE\" \/>\n<meta property=\"og:type\" content=\"article\" \/>\n<meta property=\"og:title\" content=\"Allgemeine Gesch\u00e4ftsbedingungen | Monopol Colors\" \/>\n<meta property=\"og:description\" content=\"Die allgemeinen Gesch\u00e4ftsbedingungen sind mit der Auftragserteilung durch den Kunden verbindlich und gelten f\u00fcr s\u00e4mtliche Lieferungen der Monopol AG.\" \/>\n<meta property=\"og:url\" content=\"https:\/\/www.monopol-colors.ch\/de\/allgemeine-geschaeftsbedingungen\/\" \/>\n<meta property=\"og:site_name\" content=\"Monopol Colors\" \/>\n<meta property=\"article:modified_time\" content=\"2021-09-07T07:56:00+00:00\" \/>\n<meta name=\"twitter:card\" content=\"summary_large_image\" \/>\n<meta name=\"twitter:label1\" content=\"Gesch\u00e4tzte Lesezeit\" \/>\n\t<meta name=\"twitter:data1\" content=\"4\u00a0Minuten\" \/>\n<script type=\"application\/ld+json\" class=\"yoast-schema-graph\">{\"@context\":\"https:\/\/schema.org\",\"@graph\":[{\"@type\":\"WebPage\",\"@id\":\"https:\/\/www.monopol-colors.ch\/de\/allgemeine-geschaeftsbedingungen\/\",\"url\":\"https:\/\/www.monopol-colors.ch\/de\/allgemeine-geschaeftsbedingungen\/\",\"name\":\"Allgemeine Gesch\u00e4ftsbedingungen | Monopol Colors\",\"isPartOf\":{\"@id\":\"https:\/\/www.monopol-colors.ch\/de\/#website\"},\"datePublished\":\"2019-01-17T11:01:09+00:00\",\"dateModified\":\"2021-09-07T07:56:00+00:00\",\"description\":\"Die allgemeinen Gesch\u00e4ftsbedingungen sind mit der Auftragserteilung durch den Kunden verbindlich und gelten f\u00fcr s\u00e4mtliche Lieferungen der Monopol AG.\",\"breadcrumb\":{\"@id\":\"https:\/\/www.monopol-colors.ch\/de\/allgemeine-geschaeftsbedingungen\/#breadcrumb\"},\"inLanguage\":\"de\",\"potentialAction\":[{\"@type\":\"ReadAction\",\"target\":[\"https:\/\/www.monopol-colors.ch\/de\/allgemeine-geschaeftsbedingungen\/\"]}]},{\"@type\":\"BreadcrumbList\",\"@id\":\"https:\/\/www.monopol-colors.ch\/de\/allgemeine-geschaeftsbedingungen\/#breadcrumb\",\"itemListElement\":[{\"@type\":\"ListItem\",\"position\":1,\"name\":\"Home\",\"item\":\"https:\/\/www.monopol-colors.ch\/de\/\"},{\"@type\":\"ListItem\",\"position\":2,\"name\":\"Allgemeine Gesch\u00e4ftsbedingungen\"}]},{\"@type\":\"WebSite\",\"@id\":\"https:\/\/www.monopol-colors.ch\/de\/#website\",\"url\":\"https:\/\/www.monopol-colors.ch\/de\/\",\"name\":\"Monopol Colors\",\"description\":\"\",\"potentialAction\":[{\"@type\":\"SearchAction\",\"target\":{\"@type\":\"EntryPoint\",\"urlTemplate\":\"https:\/\/www.monopol-colors.ch\/de\/?s={search_term_string}\"},\"query-input\":{\"@type\":\"PropertyValueSpecification\",\"valueRequired\":true,\"valueName\":\"search_term_string\"}}],\"inLanguage\":\"de\"}]}<\/script>\n<!-- \/ Yoast SEO plugin. -->","yoast_head_json":{"title":"Allgemeine Gesch\u00e4ftsbedingungen | Monopol Colors","description":"Die allgemeinen Gesch\u00e4ftsbedingungen sind mit der Auftragserteilung durch den Kunden verbindlich und gelten f\u00fcr s\u00e4mtliche Lieferungen der Monopol AG.","robots":{"index":"noindex","follow":"nofollow"},"og_locale":"de_DE","og_type":"article","og_title":"Allgemeine Gesch\u00e4ftsbedingungen | Monopol Colors","og_description":"Die allgemeinen Gesch\u00e4ftsbedingungen sind mit der Auftragserteilung durch den Kunden verbindlich und gelten f\u00fcr s\u00e4mtliche Lieferungen der Monopol AG.","og_url":"https:\/\/www.monopol-colors.ch\/de\/allgemeine-geschaeftsbedingungen\/","og_site_name":"Monopol Colors","article_modified_time":"2021-09-07T07:56:00+00:00","twitter_card":"summary_large_image","twitter_misc":{"Gesch\u00e4tzte Lesezeit":"4\u00a0Minuten"},"schema":{"@context":"https:\/\/schema.org","@graph":[{"@type":"WebPage","@id":"https:\/\/www.monopol-colors.ch\/de\/allgemeine-geschaeftsbedingungen\/","url":"https:\/\/www.monopol-colors.ch\/de\/allgemeine-geschaeftsbedingungen\/","name":"Allgemeine Gesch\u00e4ftsbedingungen | Monopol Colors","isPartOf":{"@id":"https:\/\/www.monopol-colors.ch\/de\/#website"},"datePublished":"2019-01-17T11:01:09+00:00","dateModified":"2021-09-07T07:56:00+00:00","description":"Die allgemeinen Gesch\u00e4ftsbedingungen sind mit der Auftragserteilung durch den Kunden verbindlich und gelten f\u00fcr s\u00e4mtliche Lieferungen der Monopol AG.","breadcrumb":{"@id":"https:\/\/www.monopol-colors.ch\/de\/allgemeine-geschaeftsbedingungen\/#breadcrumb"},"inLanguage":"de","potentialAction":[{"@type":"ReadAction","target":["https:\/\/www.monopol-colors.ch\/de\/allgemeine-geschaeftsbedingungen\/"]}]},{"@type":"BreadcrumbList","@id":"https:\/\/www.monopol-colors.ch\/de\/allgemeine-geschaeftsbedingungen\/#breadcrumb","itemListElement":[{"@type":"ListItem","position":1,"name":"Home","item":"https:\/\/www.monopol-colors.ch\/de\/"},{"@type":"ListItem","position":2,"name":"Allgemeine Gesch\u00e4ftsbedingungen"}]},{"@type":"WebSite","@id":"https:\/\/www.monopol-colors.ch\/de\/#website","url":"https:\/\/www.monopol-colors.ch\/de\/","name":"Monopol Colors","description":"","potentialAction":[{"@type":"SearchAction","target":{"@type":"EntryPoint","urlTemplate":"https:\/\/www.monopol-colors.ch\/de\/?s={search_term_string}"},"query-input":{"@type":"PropertyValueSpecification","valueRequired":true,"valueName":"search_term_string"}}],"inLanguage":"de"}]}},"_links":{"self":[{"href":"https:\/\/www.monopol-colors.ch\/de\/wp-json\/wp\/v2\/pages\/2881","targetHints":{"allow":["GET"]}}],"collection":[{"href":"https:\/\/www.monopol-colors.ch\/de\/wp-json\/wp\/v2\/pages"}],"about":[{"href":"https:\/\/www.monopol-colors.ch\/de\/wp-json\/wp\/v2\/types\/page"}],"author":[{"embeddable":true,"href":"https:\/\/www.monopol-colors.ch\/de\/wp-json\/wp\/v2\/users\/5"}],"replies":[{"embeddable":true,"href":"https:\/\/www.monopol-colors.ch\/de\/wp-json\/wp\/v2\/comments?post=2881"}],"version-history":[{"count":3,"href":"https:\/\/www.monopol-colors.ch\/de\/wp-json\/wp\/v2\/pages\/2881\/revisions"}],"predecessor-version":[{"id":10640,"href":"https:\/\/www.monopol-colors.ch\/de\/wp-json\/wp\/v2\/pages\/2881\/revisions\/10640"}],"wp:attachment":[{"href":"https:\/\/www.monopol-colors.ch\/de\/wp-json\/wp\/v2\/media?parent=2881"}],"curies":[{"name":"wp","href":"https:\/\/api.w.org\/{rel}","templated":true}]}}