{"id":506,"date":"2018-08-29T15:12:13","date_gmt":"2018-08-29T13:12:13","guid":{"rendered":"https:\/\/www.monopol-colors.ch\/?page_id=506"},"modified":"2019-03-27T04:29:55","modified_gmt":"2019-03-27T02:29:55","slug":"reparatursprays","status":"publish","type":"page","link":"https:\/\/www.monopol-colors.ch\/de\/reparatursprays\/","title":{"rendered":"Reparatursprays"},"content":{"rendered":"<div class=\"wpb-content-wrapper\"><p>[vc_row el_class=&#8220;white narrow&#8220;][vc_column][vc_column_text]<\/p>\n<h1>Reparaturspray<\/h1>\n<h2>Kompetenz aus der Dose<\/h2>\n<p>Entwickelt f\u00fcr den praktischen Einsatz, kinderleicht in der Handhabung: Dose gut sch\u00fctteln und den Lack in der gleichen Qualit\u00e4t, im gleichen Farbton und mit dem gleichen Glanzgrad sprayen \u2013 fertig! Bei der 2K-Dose zuerst den H\u00e4rter mit Druckknopf aktivieren. Noch nie war es so einfach, Schweissn\u00e4hte und Kratzer zu eliminieren. Heute bis zehn Uhr bestellt, morgen schon geliefert.<\/p>\n<ul>\n<li>F\u00fcr jeden Farbton<\/li>\n<li>1K und 2K<\/li>\n<li>Reduzierter Overspray<\/li>\n<li>Keine Ablaufneigung<\/li>\n<li>H\u00f6he F\u00fcll- und Deckkraft<\/li>\n<\/ul>\n<p class=\"p1\"><strong>Tipp<\/strong>\u00a0Am besten bestellen Sie den Spray zusammen mit einem Lackgebinde (Inhalt wird dem Gebinde entnommen und das Gebinde mit einer Hinweisetikette versehen). Ohne Lackbestellung muss der Inhalt extra ausgemischt werden, was erhebliche Mehrkosten zur Folge hat.<\/p>\n<p>[\/vc_column_text]<div class=\"wpb_pdf_column wpb_content_element small white\"><div class=\"wpb_wrapper\"><a href=\"https:\/\/www.monopol-colors.ch\/wp-content\/uploads\/mon_prod_spray_de_20141001.pdf\" target=\"_blank\">Factsheet herunterladen<\/a><\/div><\/div>[\/vc_column][\/vc_row]<\/p>\n<\/div>","protected":false},"excerpt":{"rendered":"<p>[vc_row el_class=&#8220;white narrow&#8220;][vc_column][vc_column_text] Reparaturspray Kompetenz aus der Dose Entwickelt f\u00fcr den praktischen Einsatz, kinderleicht in der Handhabung: Dose gut sch\u00fctteln und den Lack in der gleichen Qualit\u00e4t, im gleichen Farbton und mit dem gleichen Glanzgrad sprayen \u2013 fertig! Bei der 2K-Dose zuerst den H\u00e4rter mit Druckknopf aktivieren. Noch nie war es so einfach, Schweissn\u00e4hte und [&hellip;]<\/p>\n","protected":false},"author":2,"featured_media":0,"parent":0,"menu_order":18,"comment_status":"closed","ping_status":"closed","template":"page-headerbild.php","meta":{"_acf_changed":false,"footnotes":""},"class_list":["post-506","page","type-page","status-publish","hentry"],"acf":[],"yoast_head":"<!-- This site is optimized with the Yoast SEO plugin v27.1.1 - https:\/\/yoast.com\/product\/yoast-seo-wordpress\/ -->\n<title>Reparatursprays \u2013 Kompetenz aus der Dose | Monopol Colors<\/title>\n<meta name=\"description\" content=\"Die Reparatursprays sind entwickelt f\u00fcr den praktischen Einsatz und kinderleicht in der Handhabung. Noch nie war es so einfach Kratzer zu eliminieren.\" \/>\n<meta name=\"robots\" content=\"index, follow, max-snippet:-1, max-image-preview:large, max-video-preview:-1\" \/>\n<link rel=\"canonical\" href=\"https:\/\/www.monopol-colors.ch\/de\/reparatursprays\/\" \/>\n<meta property=\"og:locale\" content=\"de_DE\" \/>\n<meta property=\"og:type\" content=\"article\" \/>\n<meta property=\"og:title\" content=\"Reparatursprays \u2013 Kompetenz aus der Dose | Monopol Colors\" \/>\n<meta property=\"og:description\" content=\"Die Reparatursprays sind entwickelt f\u00fcr den praktischen Einsatz und kinderleicht in der Handhabung. Noch nie war es so einfach Kratzer zu eliminieren.\" \/>\n<meta property=\"og:url\" content=\"https:\/\/www.monopol-colors.ch\/de\/reparatursprays\/\" \/>\n<meta property=\"og:site_name\" content=\"Monopol Colors\" \/>\n<meta property=\"article:modified_time\" content=\"2019-03-27T02:29:55+00:00\" \/>\n<meta name=\"twitter:card\" content=\"summary_large_image\" \/>\n<meta name=\"twitter:label1\" content=\"Gesch\u00e4tzte Lesezeit\" \/>\n\t<meta name=\"twitter:data1\" content=\"1\u00a0Minute\" \/>\n<script type=\"application\/ld+json\" class=\"yoast-schema-graph\">{\"@context\":\"https:\/\/schema.org\",\"@graph\":[{\"@type\":\"WebPage\",\"@id\":\"https:\/\/www.monopol-colors.ch\/de\/reparatursprays\/\",\"url\":\"https:\/\/www.monopol-colors.ch\/de\/reparatursprays\/\",\"name\":\"Reparatursprays \u2013 Kompetenz aus der Dose | Monopol Colors\",\"isPartOf\":{\"@id\":\"https:\/\/www.monopol-colors.ch\/de\/#website\"},\"datePublished\":\"2018-08-29T13:12:13+00:00\",\"dateModified\":\"2019-03-27T02:29:55+00:00\",\"description\":\"Die Reparatursprays sind entwickelt f\u00fcr den praktischen Einsatz und kinderleicht in der Handhabung. Noch nie war es so einfach Kratzer zu eliminieren.\",\"breadcrumb\":{\"@id\":\"https:\/\/www.monopol-colors.ch\/de\/reparatursprays\/#breadcrumb\"},\"inLanguage\":\"de\",\"potentialAction\":[{\"@type\":\"ReadAction\",\"target\":[\"https:\/\/www.monopol-colors.ch\/de\/reparatursprays\/\"]}]},{\"@type\":\"BreadcrumbList\",\"@id\":\"https:\/\/www.monopol-colors.ch\/de\/reparatursprays\/#breadcrumb\",\"itemListElement\":[{\"@type\":\"ListItem\",\"position\":1,\"name\":\"Home\",\"item\":\"https:\/\/www.monopol-colors.ch\/de\/\"},{\"@type\":\"ListItem\",\"position\":2,\"name\":\"Reparatursprays\"}]},{\"@type\":\"WebSite\",\"@id\":\"https:\/\/www.monopol-colors.ch\/de\/#website\",\"url\":\"https:\/\/www.monopol-colors.ch\/de\/\",\"name\":\"Monopol Colors\",\"description\":\"\",\"potentialAction\":[{\"@type\":\"SearchAction\",\"target\":{\"@type\":\"EntryPoint\",\"urlTemplate\":\"https:\/\/www.monopol-colors.ch\/de\/?s={search_term_string}\"},\"query-input\":{\"@type\":\"PropertyValueSpecification\",\"valueRequired\":true,\"valueName\":\"search_term_string\"}}],\"inLanguage\":\"de\"}]}<\/script>\n<!-- \/ Yoast SEO plugin. -->","yoast_head_json":{"title":"Reparatursprays \u2013 Kompetenz aus der Dose | Monopol Colors","description":"Die Reparatursprays sind entwickelt f\u00fcr den praktischen Einsatz und kinderleicht in der Handhabung. Noch nie war es so einfach Kratzer zu eliminieren.","robots":{"index":"index","follow":"follow","max-snippet":"max-snippet:-1","max-image-preview":"max-image-preview:large","max-video-preview":"max-video-preview:-1"},"canonical":"https:\/\/www.monopol-colors.ch\/de\/reparatursprays\/","og_locale":"de_DE","og_type":"article","og_title":"Reparatursprays \u2013 Kompetenz aus der Dose | Monopol Colors","og_description":"Die Reparatursprays sind entwickelt f\u00fcr den praktischen Einsatz und kinderleicht in der Handhabung. Noch nie war es so einfach Kratzer zu eliminieren.","og_url":"https:\/\/www.monopol-colors.ch\/de\/reparatursprays\/","og_site_name":"Monopol Colors","article_modified_time":"2019-03-27T02:29:55+00:00","twitter_card":"summary_large_image","twitter_misc":{"Gesch\u00e4tzte Lesezeit":"1\u00a0Minute"},"schema":{"@context":"https:\/\/schema.org","@graph":[{"@type":"WebPage","@id":"https:\/\/www.monopol-colors.ch\/de\/reparatursprays\/","url":"https:\/\/www.monopol-colors.ch\/de\/reparatursprays\/","name":"Reparatursprays \u2013 Kompetenz aus der Dose | Monopol Colors","isPartOf":{"@id":"https:\/\/www.monopol-colors.ch\/de\/#website"},"datePublished":"2018-08-29T13:12:13+00:00","dateModified":"2019-03-27T02:29:55+00:00","description":"Die Reparatursprays sind entwickelt f\u00fcr den praktischen Einsatz und kinderleicht in der Handhabung. Noch nie war es so einfach Kratzer zu eliminieren.","breadcrumb":{"@id":"https:\/\/www.monopol-colors.ch\/de\/reparatursprays\/#breadcrumb"},"inLanguage":"de","potentialAction":[{"@type":"ReadAction","target":["https:\/\/www.monopol-colors.ch\/de\/reparatursprays\/"]}]},{"@type":"BreadcrumbList","@id":"https:\/\/www.monopol-colors.ch\/de\/reparatursprays\/#breadcrumb","itemListElement":[{"@type":"ListItem","position":1,"name":"Home","item":"https:\/\/www.monopol-colors.ch\/de\/"},{"@type":"ListItem","position":2,"name":"Reparatursprays"}]},{"@type":"WebSite","@id":"https:\/\/www.monopol-colors.ch\/de\/#website","url":"https:\/\/www.monopol-colors.ch\/de\/","name":"Monopol Colors","description":"","potentialAction":[{"@type":"SearchAction","target":{"@type":"EntryPoint","urlTemplate":"https:\/\/www.monopol-colors.ch\/de\/?s={search_term_string}"},"query-input":{"@type":"PropertyValueSpecification","valueRequired":true,"valueName":"search_term_string"}}],"inLanguage":"de"}]}},"_links":{"self":[{"href":"https:\/\/www.monopol-colors.ch\/de\/wp-json\/wp\/v2\/pages\/506","targetHints":{"allow":["GET"]}}],"collection":[{"href":"https:\/\/www.monopol-colors.ch\/de\/wp-json\/wp\/v2\/pages"}],"about":[{"href":"https:\/\/www.monopol-colors.ch\/de\/wp-json\/wp\/v2\/types\/page"}],"author":[{"embeddable":true,"href":"https:\/\/www.monopol-colors.ch\/de\/wp-json\/wp\/v2\/users\/2"}],"replies":[{"embeddable":true,"href":"https:\/\/www.monopol-colors.ch\/de\/wp-json\/wp\/v2\/comments?post=506"}],"version-history":[{"count":0,"href":"https:\/\/www.monopol-colors.ch\/de\/wp-json\/wp\/v2\/pages\/506\/revisions"}],"wp:attachment":[{"href":"https:\/\/www.monopol-colors.ch\/de\/wp-json\/wp\/v2\/media?parent=506"}],"curies":[{"name":"wp","href":"https:\/\/api.w.org\/{rel}","templated":true}]}}