{"id":3838,"date":"2018-08-29T14:44:03","date_gmt":"2018-08-29T12:44:03","guid":{"rendered":"https:\/\/www.monopol-colors.ch\/produkte\/"},"modified":"2019-05-10T12:00:30","modified_gmt":"2019-05-10T10:00:30","slug":"produits","status":"publish","type":"page","link":"https:\/\/www.monopol-colors.ch\/fr\/produits\/","title":{"rendered":"Produits"},"content":{"rendered":"<div class=\"wpb-content-wrapper\"><p>[vc_row el_class=\u00a0\u00bbnarrow white teasermargin\u00a0\u00bb][vc_column][vc_column_text]<\/p>\n<h1>Produits innovants<\/h1>\n<h2>32\u00a0000\u00a0couleurs pr\u00eates \u00e0 l\u2019emploi pour l\u2019architecture, la construction et l\u2019industrie<\/h2>\n<p>Nos peintures pour fa\u00e7ades, syst\u00e8mes de protection contre la corrosion et vernis industriels sont utilis\u00e9s dans le monde entier dans l\u2019architecture, la construction et l\u2019industrie. Parmi nos sp\u00e9cialit\u00e9s, nous comptons nos propres peintures fluoropolym\u00e8res Lumiflon pour les fa\u00e7ades m\u00e9talliques, sp\u00e9cialement mises au point pour le coil coating et l\u2019application au pistolet. En plus du rev\u00eatement initial, nous assurons \u00e9galement le nettoyage et la r\u00e9novation des fa\u00e7ades m\u00e9talliques, en coop\u00e9ration avec nos partenaires d\u2019application soigneusement s\u00e9lectionn\u00e9s. Nos peintures sp\u00e9ciales adapt\u00e9es aux mati\u00e8res synth\u00e9tiques \u00e0 usage industriel rendent les appareils m\u00e9nagers et les appareils m\u00e9dicaux ainsi que les accessoires r\u00e9sistants aux produits chimiques, aux chocs, \u00e0 l\u2019abrasion et aux intemp\u00e9ries. Pour tous nos peintures et vernis, vous b\u00e9n\u00e9ficiez d\u2019une reproductibilit\u00e9 absolue et d\u2019une grande s\u00e9curit\u00e9 d\u2019application. En outre, ils sont tous \u00e9cologiques.[\/vc_column_text][\/vc_column][\/vc_row]<\/p>\n<\/div>","protected":false},"excerpt":{"rendered":"<p>[vc_row el_class=\u00a0\u00bbnarrow white teasermargin\u00a0\u00bb][vc_column][vc_column_text] Produits innovants 32\u00a0000\u00a0couleurs pr\u00eates \u00e0 l\u2019emploi pour l\u2019architecture, la construction et l\u2019industrie Nos peintures pour fa\u00e7ades, syst\u00e8mes de protection contre la corrosion et vernis industriels sont utilis\u00e9s dans le monde entier dans l\u2019architecture, la construction et l\u2019industrie. Parmi nos sp\u00e9cialit\u00e9s, nous comptons nos propres peintures fluoropolym\u00e8res Lumiflon pour les fa\u00e7ades m\u00e9talliques, [&hellip;]<\/p>\n","protected":false},"author":2,"featured_media":0,"parent":0,"menu_order":12,"comment_status":"closed","ping_status":"closed","template":"","meta":{"_acf_changed":false,"footnotes":""},"class_list":["post-3838","page","type-page","status-publish","hentry"],"acf":[],"yoast_head":"<!-- This site is optimized with the Yoast SEO plugin v27.1.1 - https:\/\/yoast.com\/product\/yoast-seo-wordpress\/ -->\n<title>32\u2019000 couleurs dans notre syst\u00e8me \u2013 produits innovants | Monopol Colors<\/title>\n<meta name=\"description\" content=\"Des produits innovants comme nos peintures pour fa\u00e7ades, syst\u00e8mes de protection contre la corrosion et vernis industriels utilis\u00e9s pour l\u2019architecture, la construction et l\u2019industrie.\" \/>\n<meta name=\"robots\" content=\"index, follow, max-snippet:-1, max-image-preview:large, max-video-preview:-1\" \/>\n<link rel=\"canonical\" href=\"https:\/\/www.monopol-colors.ch\/fr\/produits\/\" \/>\n<meta property=\"og:locale\" content=\"fr_FR\" \/>\n<meta property=\"og:type\" content=\"article\" \/>\n<meta property=\"og:title\" content=\"32\u2019000 couleurs dans notre syst\u00e8me \u2013 produits innovants | Monopol Colors\" \/>\n<meta property=\"og:description\" content=\"Des produits innovants comme nos peintures pour fa\u00e7ades, syst\u00e8mes de protection contre la corrosion et vernis industriels utilis\u00e9s pour l\u2019architecture, la construction et l\u2019industrie.\" \/>\n<meta property=\"og:url\" content=\"https:\/\/www.monopol-colors.ch\/fr\/produits\/\" \/>\n<meta property=\"og:site_name\" content=\"Monopol Colors\" \/>\n<meta property=\"article:modified_time\" content=\"2019-05-10T10:00:30+00:00\" \/>\n<meta name=\"twitter:card\" content=\"summary_large_image\" \/>\n<meta name=\"twitter:label1\" content=\"Dur\u00e9e de lecture estim\u00e9e\" \/>\n\t<meta name=\"twitter:data1\" content=\"1 minute\" \/>\n<script type=\"application\/ld+json\" class=\"yoast-schema-graph\">{\"@context\":\"https:\/\/schema.org\",\"@graph\":[{\"@type\":\"WebPage\",\"@id\":\"https:\/\/www.monopol-colors.ch\/fr\/produits\/\",\"url\":\"https:\/\/www.monopol-colors.ch\/fr\/produits\/\",\"name\":\"32\u2019000 couleurs dans notre syst\u00e8me \u2013 produits innovants | Monopol Colors\",\"isPartOf\":{\"@id\":\"https:\/\/www.monopol-colors.ch\/de\/#website\"},\"datePublished\":\"2018-08-29T12:44:03+00:00\",\"dateModified\":\"2019-05-10T10:00:30+00:00\",\"description\":\"Des produits innovants comme nos peintures pour fa\u00e7ades, syst\u00e8mes de protection contre la corrosion et vernis industriels utilis\u00e9s pour l\u2019architecture, la construction et l\u2019industrie.\",\"breadcrumb\":{\"@id\":\"https:\/\/www.monopol-colors.ch\/fr\/produits\/#breadcrumb\"},\"inLanguage\":\"fr-FR\",\"potentialAction\":[{\"@type\":\"ReadAction\",\"target\":[\"https:\/\/www.monopol-colors.ch\/fr\/produits\/\"]}]},{\"@type\":\"BreadcrumbList\",\"@id\":\"https:\/\/www.monopol-colors.ch\/fr\/produits\/#breadcrumb\",\"itemListElement\":[{\"@type\":\"ListItem\",\"position\":1,\"name\":\"Home\",\"item\":\"https:\/\/www.monopol-colors.ch\/fr\/\"},{\"@type\":\"ListItem\",\"position\":2,\"name\":\"Produits\"}]},{\"@type\":\"WebSite\",\"@id\":\"https:\/\/www.monopol-colors.ch\/de\/#website\",\"url\":\"https:\/\/www.monopol-colors.ch\/de\/\",\"name\":\"Monopol Colors\",\"description\":\"\",\"potentialAction\":[{\"@type\":\"SearchAction\",\"target\":{\"@type\":\"EntryPoint\",\"urlTemplate\":\"https:\/\/www.monopol-colors.ch\/de\/?s={search_term_string}\"},\"query-input\":{\"@type\":\"PropertyValueSpecification\",\"valueRequired\":true,\"valueName\":\"search_term_string\"}}],\"inLanguage\":\"fr-FR\"}]}<\/script>\n<!-- \/ Yoast SEO plugin. -->","yoast_head_json":{"title":"32\u2019000 couleurs dans notre syst\u00e8me \u2013 produits innovants | Monopol Colors","description":"Des produits innovants comme nos peintures pour fa\u00e7ades, syst\u00e8mes de protection contre la corrosion et vernis industriels utilis\u00e9s pour l\u2019architecture, la construction et l\u2019industrie.","robots":{"index":"index","follow":"follow","max-snippet":"max-snippet:-1","max-image-preview":"max-image-preview:large","max-video-preview":"max-video-preview:-1"},"canonical":"https:\/\/www.monopol-colors.ch\/fr\/produits\/","og_locale":"fr_FR","og_type":"article","og_title":"32\u2019000 couleurs dans notre syst\u00e8me \u2013 produits innovants | Monopol Colors","og_description":"Des produits innovants comme nos peintures pour fa\u00e7ades, syst\u00e8mes de protection contre la corrosion et vernis industriels utilis\u00e9s pour l\u2019architecture, la construction et l\u2019industrie.","og_url":"https:\/\/www.monopol-colors.ch\/fr\/produits\/","og_site_name":"Monopol Colors","article_modified_time":"2019-05-10T10:00:30+00:00","twitter_card":"summary_large_image","twitter_misc":{"Dur\u00e9e de lecture estim\u00e9e":"1 minute"},"schema":{"@context":"https:\/\/schema.org","@graph":[{"@type":"WebPage","@id":"https:\/\/www.monopol-colors.ch\/fr\/produits\/","url":"https:\/\/www.monopol-colors.ch\/fr\/produits\/","name":"32\u2019000 couleurs dans notre syst\u00e8me \u2013 produits innovants | Monopol Colors","isPartOf":{"@id":"https:\/\/www.monopol-colors.ch\/de\/#website"},"datePublished":"2018-08-29T12:44:03+00:00","dateModified":"2019-05-10T10:00:30+00:00","description":"Des produits innovants comme nos peintures pour fa\u00e7ades, syst\u00e8mes de protection contre la corrosion et vernis industriels utilis\u00e9s pour l\u2019architecture, la construction et l\u2019industrie.","breadcrumb":{"@id":"https:\/\/www.monopol-colors.ch\/fr\/produits\/#breadcrumb"},"inLanguage":"fr-FR","potentialAction":[{"@type":"ReadAction","target":["https:\/\/www.monopol-colors.ch\/fr\/produits\/"]}]},{"@type":"BreadcrumbList","@id":"https:\/\/www.monopol-colors.ch\/fr\/produits\/#breadcrumb","itemListElement":[{"@type":"ListItem","position":1,"name":"Home","item":"https:\/\/www.monopol-colors.ch\/fr\/"},{"@type":"ListItem","position":2,"name":"Produits"}]},{"@type":"WebSite","@id":"https:\/\/www.monopol-colors.ch\/de\/#website","url":"https:\/\/www.monopol-colors.ch\/de\/","name":"Monopol Colors","description":"","potentialAction":[{"@type":"SearchAction","target":{"@type":"EntryPoint","urlTemplate":"https:\/\/www.monopol-colors.ch\/de\/?s={search_term_string}"},"query-input":{"@type":"PropertyValueSpecification","valueRequired":true,"valueName":"search_term_string"}}],"inLanguage":"fr-FR"}]}},"_links":{"self":[{"href":"https:\/\/www.monopol-colors.ch\/fr\/wp-json\/wp\/v2\/pages\/3838","targetHints":{"allow":["GET"]}}],"collection":[{"href":"https:\/\/www.monopol-colors.ch\/fr\/wp-json\/wp\/v2\/pages"}],"about":[{"href":"https:\/\/www.monopol-colors.ch\/fr\/wp-json\/wp\/v2\/types\/page"}],"author":[{"embeddable":true,"href":"https:\/\/www.monopol-colors.ch\/fr\/wp-json\/wp\/v2\/users\/2"}],"replies":[{"embeddable":true,"href":"https:\/\/www.monopol-colors.ch\/fr\/wp-json\/wp\/v2\/comments?post=3838"}],"version-history":[{"count":1,"href":"https:\/\/www.monopol-colors.ch\/fr\/wp-json\/wp\/v2\/pages\/3838\/revisions"}],"predecessor-version":[{"id":9128,"href":"https:\/\/www.monopol-colors.ch\/fr\/wp-json\/wp\/v2\/pages\/3838\/revisions\/9128"}],"wp:attachment":[{"href":"https:\/\/www.monopol-colors.ch\/fr\/wp-json\/wp\/v2\/media?parent=3838"}],"curies":[{"name":"wp","href":"https:\/\/api.w.org\/{rel}","templated":true}]}}