{"id":3850,"date":"2018-08-29T15:13:05","date_gmt":"2018-08-29T13:13:05","guid":{"rendered":"https:\/\/www.monopol-colors.ch\/kontakt\/"},"modified":"2024-02-12T15:24:31","modified_gmt":"2024-02-12T13:24:31","slug":"contacts","status":"publish","type":"page","link":"https:\/\/www.monopol-colors.ch\/fr\/contacts\/","title":{"rendered":"Contacts"},"content":{"rendered":"<div class=\"wpb-content-wrapper\"><p>[vc_row el_class=\u00a0\u00bbwhite narrow\u00a0\u00bb][vc_column][vc_column_text]<\/p>\n<div class=\"field field-title\">\n<h1>Contact et acc\u00e8s<\/h1>\n<\/div>\n<div class=\"field field-standard-subline\">\n<div class=\"field-items\">\n<h2>Comment venir chez nous<\/h2>\n<\/div>\n<\/div>\n<p>[\/vc_column_text][vc_column_text]<strong>Monopol AG<\/strong><br \/>\n<strong>Oberrohrdorferstrasse 51<\/strong><br \/>\n<strong>5442 Fislisbach<\/strong><br \/>\n<strong>Schweiz<\/strong><\/p>\n<p><strong>T\u00e9l\u00e9phone <a href=\"tel:+41564847777\">+41 56 484 77 77<\/a><\/strong><br \/>\n<strong>Fax +41 56 484 77 99<\/strong><br \/>\n<strong>E-Mail\u00a0<a href=\"mailto:info@monopol-colors.ch\">info@monopol-colors.ch<\/a><\/strong>[\/vc_column_text]<div class=\"wpb_accordion_column wpb_content_element white small\"><div class=\"wpb_wrapper\"><div class=\"wpb_content_element wpb_accordion_column accordion_simple\"><div class=\"accordions accordions_0\"><div class=\"custom_accordion_item accordion custom_accordion accordion_1_0\"><div class=\"accordion__header\" id=\"accordion_header_1_0\"><div class=\"accordion_trigger js-accordion_trigger\" data-toggle=\"collapse\" \r\n\t\t\t\t\tdata-target=\"#accordion_content_1_0_acc634\" \r\n          aria-expanded=\"false\" aria-controls=\"accordion_content_1_0\"><h3 class=\"accordion-title accordion-title-icon icon--position-left js-accordion-controller\"><div>Coordonn\u00e9es de notre succursale en Inde<\/div><\/h3><\/div><\/div><div class=\"accordion__content collapse not-click-to-close\" id=\"accordion_content_1_0_acc634\" aria-labelledby=\"accordion_header_1_0\"><div class=\"inside\"><div class=\"accordion-content\"><div class=\"accordion__inside\"><div class=\"accordion__element\"><div class=\"accordion__element\"><p>Monopol Colors India Pvt. Ltd.<br \/>\nPlot No. N 42, Additional MIDC Patalganga<br \/>\nAt Karade Khurd<br \/>\nTaluka &#8211; Panvel, Dist Raigad<br \/>\nMaharashtra &#8211; 410207<br \/>\nIndia<\/p>\n<p>T\u00e9l\u00e9phone\u00a0 <a href=\"tel: +91 993 022 36 41\">+91 993 022 36 41<\/a><br \/>\nE-Mail\u00a0\u00a0\u00a0\u00a0<a href=\"mailto:info@monopol-colors.in\">info@monopol-colors.in<\/a><\/p>\n<\/div><!-- Start Accordion Content --><\/div><\/div><\/div><\/div><\/div><\/div><div class=\"custom_accordion_item accordion custom_accordion accordion_1_1\"><div class=\"accordion__header\" id=\"accordion_header_1_1\"><div class=\"accordion_trigger js-accordion_trigger\" data-toggle=\"collapse\" \r\n\t\t\t\t\tdata-target=\"#accordion_content_1_1_acc109\" \r\n          aria-expanded=\"false\" aria-controls=\"accordion_content_1_1\"><h3 class=\"accordion-title accordion-title-icon icon--position-left js-accordion-controller\"><div>Coordonn\u00e9es de notre succursale en Afrique<\/div><\/h3><\/div><\/div><div class=\"accordion__content collapse not-click-to-close\" id=\"accordion_content_1_1_acc109\" aria-labelledby=\"accordion_header_1_1\"><div class=\"inside\"><div class=\"accordion-content\"><div class=\"accordion__inside\"><div class=\"accordion__element\"><div class=\"accordion__element\"><p>Monopol Colors East Africa Ltd.<br \/>\nP.O. Box 24190-00100<br \/>\nBldg 7, Baricho Road<br \/>\nNairobi,\u00a0Kenya<\/p>\n<p>T\u00e9l\u00e9phone <a href=\"tel: +254 790 307 555\">+254 790 307 555<\/a><br \/>\n<a href=\"mailto:info@mcea.co.ke\">info@mcea.co.ke<\/a><\/p>\n<\/div><!-- Start Accordion Content --><\/div><\/div><\/div><\/div><\/div><\/div><\/div><\/div><\/div><\/div><div class=\"wpb_clear_column wpb_content_element white small \"><\/div>[vc_column_text]<div id=\"quform-0a7bc1\" class=\"quform quform-5 quform-support-page-caching quform-errors-absolute\"><form id=\"quform-form-0a7bc1\" class=\"quform-form quform-form-5\" action=\"\/fr\/wp-json\/wp\/v2\/pages\/3850#quform-0a7bc1\" method=\"post\" enctype=\"multipart\/form-data\" novalidate=\"novalidate\" data-options=\"{&quot;id&quot;:5,&quot;uniqueId&quot;:&quot;0a7bc1&quot;,&quot;theme&quot;:&quot;&quot;,&quot;ajax&quot;:true,&quot;logic&quot;:{&quot;logic&quot;:[],&quot;dependents&quot;:[],&quot;elementIds&quot;:[],&quot;dependentElementIds&quot;:[],&quot;animate&quot;:true},&quot;currentPageId&quot;:1,&quot;errorsIcon&quot;:&quot;&quot;,&quot;updateFancybox&quot;:true,&quot;hasPages&quot;:false,&quot;pages&quot;:[1],&quot;pageProgressType&quot;:&quot;numbers&quot;,&quot;tooltipsEnabled&quot;:true,&quot;tooltipClasses&quot;:&quot;qtip-quform-dark qtip-shadow&quot;,&quot;tooltipMy&quot;:&quot;left center&quot;,&quot;tooltipAt&quot;:&quot;right center&quot;,&quot;isRtl&quot;:false,&quot;scrollOffset&quot;:-50,&quot;scrollSpeed&quot;:800}\"><button class=\"quform-default-submit\" name=\"quform_submit\" type=\"submit\" value=\"submit\" aria-hidden=\"true\" tabindex=\"-1\"><\/button><div class=\"quform-form-inner quform-form-inner-5\"><input type=\"hidden\" name=\"quform_form_id\" value=\"5\" \/><input type=\"hidden\" name=\"quform_form_uid\" value=\"0a7bc1\" \/><input type=\"hidden\" name=\"quform_count\" value=\"1\" \/><input type=\"hidden\" name=\"form_url\" value=\"https:\/\/www.monopol-colors.ch\/fr\/wp-json\/wp\/v2\/pages\/3850\" \/><input type=\"hidden\" name=\"referring_url\" value=\"\" \/><input type=\"hidden\" name=\"post_id\" value=\"\" \/><input type=\"hidden\" name=\"post_title\" value=\"\" \/><input type=\"hidden\" name=\"quform_current_page_id\" value=\"1\" \/><input type=\"hidden\" name=\"quform_loaded\" value=\"1776378848|a9d7f610691bfe59ed0869747fb80a93\" \/><input type=\"hidden\" name=\"quform_csrf_token\" value=\"0ehcpV48uvlXUQs09B0VqiVU5xr8RfO1A0YVbCIa\" \/><div class=\"quform-elements quform-elements-5 quform-cf quform-responsive-elements-phone-landscape\"><div class=\"quform-element quform-element-page quform-page-1 quform-page-5_1 quform-cf quform-group-style-plain quform-first-page quform-last-page quform-current-page\"><div class=\"quform-child-elements\"><div class=\"quform-element quform-element-textarea quform-element-5_250409 quform-sr-only quform-cf\" style=\"clip: rect(1px, 1px, 1px, 1px); clip-path: inset(50%); position: absolute !important; height: 1px; width: 1px; overflow: hidden;\"><div class=\"quform-spacer\"><div class=\"quform-label quform-label-5_250409\"><label class=\"quform-label-text\" for=\"quform_5_250409_0a7bc1\">Phone Number<span class=\"quform-required\">*<\/span><\/label><\/div><div class=\"quform-inner quform-inner-5_250409\"><textarea id=\"quform_5_250409_0a7bc1\" name=\"quform_5_250409\" class=\"quform-field quform-field-textarea quform-field-5_250409\" tabindex=\"-1\" autocomplete=\"new-password\"><\/textarea><\/div><\/div><\/div><div class=\"quform-element quform-element-row quform-element-row-5_16 quform-2-columns quform-element-row-size-fixed quform-responsive-columns-phone-landscape\"><div class=\"quform-element quform-element-column quform-element-5_17\"><div class=\"quform-element quform-element-text quform-element-5_19 quform-cf quform-labels-inside quform-element-required\"><div class=\"quform-spacer\"><div class=\"quform-label quform-label-5_19\"><label class=\"quform-label-text\" for=\"quform_5_19_0a7bc1\">Pr\u00e9nom<span class=\"quform-required\">*<\/span><\/label><\/div><div class=\"quform-inner quform-inner-text quform-inner-5_19\"><div class=\"quform-input quform-input-text quform-input-5_19 quform-cf\"><input type=\"text\" id=\"quform_5_19_0a7bc1\" name=\"quform_5_19\" class=\"quform-field quform-field-text quform-field-5_19\" \/><\/div><\/div><\/div><\/div><\/div><div class=\"quform-element quform-element-column quform-element-5_18\"><div class=\"quform-element quform-element-text quform-element-5_20 quform-cf quform-labels-inside quform-element-required\"><div class=\"quform-spacer\"><div class=\"quform-label quform-label-5_20\"><label class=\"quform-label-text\" for=\"quform_5_20_0a7bc1\">Nom<span class=\"quform-required\">*<\/span><\/label><\/div><div class=\"quform-inner quform-inner-text quform-inner-5_20\"><div class=\"quform-input quform-input-text quform-input-5_20 quform-cf\"><input type=\"text\" id=\"quform_5_20_0a7bc1\" name=\"quform_5_20\" class=\"quform-field quform-field-text quform-field-5_20\" \/><\/div><\/div><\/div><\/div><\/div><\/div><div class=\"quform-element quform-element-row quform-element-row-5_4 quform-2-columns quform-element-row-size-fixed quform-responsive-columns-phone-landscape\"><div class=\"quform-element quform-element-column quform-element-5_5\"><div class=\"quform-element quform-element-text quform-element-5_7 quform-cf quform-labels-inside quform-element-optional\"><div class=\"quform-spacer\"><div class=\"quform-label quform-label-5_7\"><label class=\"quform-label-text\" for=\"quform_5_7_0a7bc1\">Num\u00e9ro de t\u00e9l\u00e9phone<\/label><\/div><div class=\"quform-inner quform-inner-text quform-inner-5_7\"><div class=\"quform-input quform-input-text quform-input-5_7 quform-cf\"><input type=\"text\" id=\"quform_5_7_0a7bc1\" name=\"quform_5_7\" class=\"quform-field quform-field-text quform-field-5_7\" \/><\/div><\/div><\/div><\/div><\/div><div class=\"quform-element quform-element-column quform-element-5_6\"><div class=\"quform-element quform-element-email quform-element-5_8 quform-cf quform-labels-inside quform-element-required\"><div class=\"quform-spacer\"><div class=\"quform-label quform-label-5_8\"><label class=\"quform-label-text\" for=\"quform_5_8_0a7bc1\">E-mail<span class=\"quform-required\">*<\/span><\/label><\/div><div class=\"quform-inner quform-inner-email quform-inner-5_8\"><div class=\"quform-input quform-input-email quform-input-5_8 quform-cf\"><input type=\"email\" id=\"quform_5_8_0a7bc1\" name=\"quform_5_8\" class=\"quform-field quform-field-email quform-field-5_8\" \/><\/div><\/div><\/div><\/div><\/div><\/div><div class=\"quform-element quform-element-row quform-element-row-5_10 quform-2-columns quform-element-row-size-fixed quform-responsive-columns-phone-landscape\"><div class=\"quform-element quform-element-column quform-element-5_11\"><div class=\"quform-element quform-element-text quform-element-5_13 quform-cf quform-labels-inside quform-element-optional\"><div class=\"quform-spacer\"><div class=\"quform-label quform-label-5_13\"><label class=\"quform-label-text\" for=\"quform_5_13_0a7bc1\">Industrie<\/label><\/div><div class=\"quform-inner quform-inner-text quform-inner-5_13\"><div class=\"quform-input quform-input-text quform-input-5_13 quform-cf\"><input type=\"text\" id=\"quform_5_13_0a7bc1\" name=\"quform_5_13\" class=\"quform-field quform-field-text quform-field-5_13\" \/><\/div><\/div><\/div><\/div><\/div><div class=\"quform-element quform-element-column quform-element-5_12\"><div class=\"quform-element quform-element-text quform-element-5_14 quform-cf quform-labels-inside quform-element-optional\"><div class=\"quform-spacer\"><div class=\"quform-label quform-label-5_14\"><label class=\"quform-label-text\" for=\"quform_5_14_0a7bc1\">Fonction<\/label><\/div><div class=\"quform-inner quform-inner-text quform-inner-5_14\"><div class=\"quform-input quform-input-text quform-input-5_14 quform-cf\"><input type=\"text\" id=\"quform_5_14_0a7bc1\" name=\"quform_5_14\" class=\"quform-field quform-field-text quform-field-5_14\" \/><\/div><\/div><\/div><\/div><\/div><\/div><div class=\"quform-element quform-element-textarea quform-element-5_15 quform-cf quform-labels-inside quform-element-optional\"><div class=\"quform-spacer\"><div class=\"quform-label quform-label-5_15\"><label class=\"quform-label-text\" for=\"quform_5_15_0a7bc1\">Votre message<\/label><\/div><div class=\"quform-inner quform-inner-textarea quform-inner-5_15\"><div class=\"quform-input quform-input-textarea quform-input-5_15 quform-cf\"><textarea id=\"quform_5_15_0a7bc1\" name=\"quform_5_15\" class=\"quform-field quform-field-textarea quform-field-5_15\"><\/textarea><\/div><\/div><\/div><\/div><div class=\"quform-element quform-element-submit quform-element-5_2 quform-cf quform-button-style-theme\"><div class=\"quform-button-submit quform-button-submit-default quform-button-submit-5_2\"><button name=\"quform_submit\" type=\"submit\" class=\"quform-submit\" value=\"submit\"><span class=\"quform-button-text quform-button-submit-text\">Soumettre<\/span><\/button><\/div><div class=\"quform-loading quform-loading-position-left quform-loading-type-spinner-1\"><div class=\"quform-loading-inner\"><div class=\"quform-loading-spinner\"><div class=\"quform-loading-spinner-inner\"><\/div><\/div><\/div><\/div><\/div><\/div><\/div><\/div><\/div><\/form><\/div>[\/vc_column_text][\/vc_column][\/vc_row][vc_row][vc_column]<div class=\"wpb_ansprechpartner_column wpb_content_element all-container\"><div class=\"wpb_wrapper\"><div class=\"inside\"><h3>Vos interlocuteurs \u00e0 Fislisbach<\/h3><div class=\"owl-carousel owl-theme\"><div class=\"single ansprechpartner-single item\"><div class=\"media-container\"><img decoding=\"async\" data-src2=\"https:\/\/www.monopol-colors.ch\/wp-content\/uploads\/anner.png\" src=\"data:image\/gif;base64,R0lGODlhAQABAIAAAP\/\/\/wAAACH5BAEAAAAALAAAAAABAAEAAAICRAEAOw==\" alt=\"Anita Anner\"><\/div><p><b>Anita Anner<\/b><br>Direction financi\u00e8re et ressources humaines<br><a href=\"tel:+41564847752\">+41 56 484 77 52<\/a><br><a href=\"mailto:a.anner@monopol-colors.ch\">E-Mail<\/a><\/p><\/div><div class=\"single ansprechpartner-single item\"><div class=\"media-container\"><img decoding=\"async\" data-src2=\"https:\/\/www.monopol-colors.ch\/wp-content\/uploads\/Blumer-Dominique_Website_02-150x150.jpg\" src=\"data:image\/gif;base64,R0lGODlhAQABAIAAAP\/\/\/wAAACH5BAEAAAAALAAAAAABAAEAAAICRAEAOw==\" alt=\"Dominique Blumer\"><\/div><p><b>Dominique Blumer<\/b><br>Conseiller technique de vente<br><a href=\"tel:+41797235351\">+41 79 723 53 51<\/a><br><a href=\"mailto:d.blumer@monopol-colors.ch\">E-Mail<\/a><\/p><\/div><div class=\"single ansprechpartner-single item\"><div class=\"media-container\"><img decoding=\"async\" data-src2=\"https:\/\/www.monopol-colors.ch\/wp-content\/uploads\/friedli-1.png\" src=\"data:image\/gif;base64,R0lGODlhAQABAIAAAP\/\/\/wAAACH5BAEAAAAALAAAAAABAAEAAAICRAEAOw==\" alt=\"Sandra Friedli\"><\/div><p><b>Sandra Friedli<\/b><br>Administration des ventes<br><a href=\"tel:+41564847749\">+41 56 484 77 49<\/a><br><a href=\"mailto:s.friedli@monopol-colors.ch\">E-Mail<\/a><\/p><\/div><div class=\"single ansprechpartner-single item\"><div class=\"media-container\"><img decoding=\"async\" data-src2=\"https:\/\/www.monopol-colors.ch\/wp-content\/uploads\/MC_Groeneveld_Quentin1-150x150.jpg\" src=\"data:image\/gif;base64,R0lGODlhAQABAIAAAP\/\/\/wAAACH5BAEAAAAALAAAAAABAAEAAAICRAEAOw==\" alt=\"Quentin Groeneveld\"><\/div><p><b>Quentin Groeneveld<\/b><br>R + D<br><a href=\"tel:+41564847764\">+41 56 484 77 64<\/a><br><a href=\"mailto:q.groeneveld@monopol-colors.ch\">E-Mail<\/a><\/p><\/div><div class=\"single ansprechpartner-single item\"><div class=\"media-container\"><img decoding=\"async\" data-src2=\"https:\/\/www.monopol-colors.ch\/wp-content\/uploads\/MC_Kessler-Markus2-150x150.jpg\" src=\"data:image\/gif;base64,R0lGODlhAQABAIAAAP\/\/\/wAAACH5BAEAAAAALAAAAAABAAEAAAICRAEAOw==\" alt=\"Markus Kessler\"><\/div><p><b>Markus Kessler<\/b><br>Responsable Logistique<br><a href=\"tel:+41564847768\">+41 56 484 77 68<\/a><br><a href=\"mailto:m.kessler@monopol-colors.ch\">E-Mail<\/a><\/p><\/div><div class=\"single ansprechpartner-single item\"><div class=\"media-container\"><img decoding=\"async\" data-src2=\"https:\/\/www.monopol-colors.ch\/wp-content\/uploads\/mamuti.png\" src=\"data:image\/gif;base64,R0lGODlhAQABAIAAAP\/\/\/wAAACH5BAEAAAAALAAAAAABAAEAAAICRAEAOw==\" alt=\"Dzafer Mamuti\"><\/div><p><b>Dzafer Mamuti<\/b><br>Color Lab<br><a href=\"tel:+41564847746\">+41 56 484 77 46<\/a><br><a href=\"mailto:d.mamuti@monopol-colors.ch\">E-Mail<\/a><\/p><\/div><div class=\"single ansprechpartner-single item\"><div class=\"media-container\"><img decoding=\"async\" data-src2=\"https:\/\/www.monopol-colors.ch\/wp-content\/uploads\/Patel-Dhaval-150x150.jpg\" src=\"data:image\/gif;base64,R0lGODlhAQABAIAAAP\/\/\/wAAACH5BAEAAAAALAAAAAABAAEAAAICRAEAOw==\" alt=\"Dhaval Patel\"><\/div><p><b>Dhaval Patel<\/b><br>Manager de l'innovation + dev\u00e9loppement du march\u00e9<br><a href=\"tel:+41564847747\">+41 56 484 77 47<\/a><br><a href=\"mailto:d.patel@monopol-colors.ch\">E-Mail<\/a><\/p><\/div><div class=\"single ansprechpartner-single item\"><div class=\"media-container\"><img decoding=\"async\" data-src2=\"https:\/\/www.monopol-colors.ch\/wp-content\/uploads\/muenkel.png\" src=\"data:image\/gif;base64,R0lGODlhAQABAIAAAP\/\/\/wAAACH5BAEAAAAALAAAAAABAAEAAAICRAEAOw==\" alt=\"Sebastian M\u00fcnkel\"><\/div><p><b>Sebastian M\u00fcnkel<\/b><br>R + D<br><a href=\"tel:+41564847738\">+41 56 484 77 38<\/a><br><a href=\"mailto: s.muenkel@monopol-colors.ch\">E-Mail<\/a><\/p><\/div><div class=\"single ansprechpartner-single item\"><div class=\"media-container\"><img decoding=\"async\" data-src2=\"https:\/\/www.monopol-colors.ch\/wp-content\/uploads\/MC_Raineri-Simone2-150x150.jpg\" src=\"data:image\/gif;base64,R0lGODlhAQABAIAAAP\/\/\/wAAACH5BAEAAAAALAAAAAABAAEAAAICRAEAOw==\" alt=\"Simone Raineri\"><\/div><p><b>Simone Raineri<\/b><br>Direction technique<br><a href=\"tel:+41564847753\">+41 56 484 77 53<\/a><br><a href=\"mailto:s.raineri@monopol-colors.ch\">E-Mail<\/a><\/p><\/div><div class=\"single ansprechpartner-single item\"><div class=\"media-container\"><img decoding=\"async\" data-src2=\"https:\/\/www.monopol-colors.ch\/wp-content\/uploads\/Haiplik-Ralf-150x150.jpg\" src=\"data:image\/gif;base64,R0lGODlhAQABAIAAAP\/\/\/wAAACH5BAEAAAAALAAAAAABAAEAAAICRAEAOw==\" alt=\"Ralf Haiplik\"><\/div><p><b>Ralf Haiplik<\/b><br>Responsable de la maintenance<br><a href=\"tel:+41564847741\">+41 56 484 77 41<\/a><br><a href=\"mailto:r.haiplik@monopol-colors.ch\">E-Mail<\/a><\/p><\/div><div class=\"single ansprechpartner-single item\"><div class=\"media-container\"><img decoding=\"async\" data-src2=\"https:\/\/www.monopol-colors.ch\/wp-content\/uploads\/Scheck-Stefan-150x150.jpg\" src=\"data:image\/gif;base64,R0lGODlhAQABAIAAAP\/\/\/wAAACH5BAEAAAAALAAAAAABAAEAAAICRAEAOw==\" alt=\"Stefan Scheck\"><\/div><p><b>Stefan Scheck<\/b><br>Responsable Administration des ventes<br><a href=\"tel:+41564847736\">+41 56 484 77 36<\/a><br><a href=\"mailto:s.scheck@monopol-colors.ch\">E-Mail<\/a><\/p><\/div><div class=\"single ansprechpartner-single item\"><div class=\"media-container\"><img decoding=\"async\" data-src2=\"https:\/\/www.monopol-colors.ch\/wp-content\/uploads\/lionel-1-150x150.png\" src=\"data:image\/gif;base64,R0lGODlhAQABAIAAAP\/\/\/wAAACH5BAEAAAAALAAAAAABAAEAAAICRAEAOw==\" alt=\"Lionel Schlessinger\"><\/div><p><b>Lionel Schlessinger<\/b><br>Propri\u00e9taire et CEO<br><a href=\"tel:+41564847777\">+41 56 484 77 77<\/a><br><a href=\"mailto:l.schlessinger@monopol-colors.ch\">E-Mail<\/a><\/p><\/div><div class=\"single ansprechpartner-single item\"><div class=\"media-container\"><img decoding=\"async\" data-src2=\"https:\/\/www.monopol-colors.ch\/wp-content\/uploads\/vasilevski.png\" src=\"data:image\/gif;base64,R0lGODlhAQABAIAAAP\/\/\/wAAACH5BAEAAAAALAAAAAABAAEAAAICRAEAOw==\" alt=\"Vladimir Vasilevski\"><\/div><p><b>Vladimir Vasilevski<\/b><br>Direction Production<br><a href=\"tel:+41564847786\">+41 56 484 77 86<\/a><br><a href=\"mailto:v.vasilevski@monopol-colors.ch\">E-Mail<\/a><\/p><\/div><div class=\"single ansprechpartner-single item\"><div class=\"media-container\"><img decoding=\"async\" data-src2=\"https:\/\/www.monopol-colors.ch\/wp-content\/uploads\/wehrli.png\" src=\"data:image\/gif;base64,R0lGODlhAQABAIAAAP\/\/\/wAAACH5BAEAAAAALAAAAAABAAEAAAICRAEAOw==\" alt=\"Daniel Wehrli\"><\/div><p><b>Daniel Wehrli<\/b><br>Key Account, vente et technique<br><a href=\"tel:+41796616685\">+41 79 661 66 85<\/a><br><a href=\"mailto:d.wehrli@monopol-colors.ch\">E-Mail<\/a><\/p><\/div><\/div><\/div><\/div><\/div>[\/vc_column][\/vc_row]<\/p>\n<\/div>","protected":false},"excerpt":{"rendered":"<p>[vc_row el_class=\u00a0\u00bbwhite narrow\u00a0\u00bb][vc_column][vc_column_text] Contact et acc\u00e8s Comment venir chez nous [\/vc_column_text][vc_column_text]Monopol AG Oberrohrdorferstrasse 51 5442 Fislisbach Schweiz T\u00e9l\u00e9phone +41 56 484 77 77 Fax +41 56 484 77 99 E-Mail\u00a0info@monopol-colors.ch[\/vc_column_text][vc_column_text][\/vc_column_text][\/vc_column][\/vc_row][vc_row][vc_column][\/vc_column][\/vc_row]<\/p>\n","protected":false},"author":2,"featured_media":0,"parent":0,"menu_order":79,"comment_status":"closed","ping_status":"closed","template":"page-googlemaps.php","meta":{"_acf_changed":false,"footnotes":""},"class_list":["post-3850","page","type-page","status-publish","hentry"],"acf":[],"yoast_head":"<!-- This site is optimized with the Yoast SEO plugin v27.1.1 - https:\/\/yoast.com\/product\/yoast-seo-wordpress\/ -->\n<title>Contacts \u2013 pour nous joindre \u00e0 Fislisbach | Monopol Colors<\/title>\n<meta name=\"description\" content=\"Comment nous joindre: coordonn\u00e9es, interlocuteurs, adresse, plan d\u2019acc\u00e8s et itin\u00e9raire pour se rendre chez Monopol Colors Suisse \u00e0 Fislisbach pr\u00e8s de Baden.\" \/>\n<meta name=\"robots\" content=\"index, follow, max-snippet:-1, max-image-preview:large, max-video-preview:-1\" \/>\n<link rel=\"canonical\" href=\"https:\/\/www.monopol-colors.ch\/fr\/contacts\/\" \/>\n<meta property=\"og:locale\" content=\"fr_FR\" \/>\n<meta property=\"og:type\" content=\"article\" \/>\n<meta property=\"og:title\" content=\"Contacts \u2013 pour nous joindre \u00e0 Fislisbach | Monopol Colors\" \/>\n<meta property=\"og:description\" content=\"Comment nous joindre: coordonn\u00e9es, interlocuteurs, adresse, plan d\u2019acc\u00e8s et itin\u00e9raire pour se rendre chez Monopol Colors Suisse \u00e0 Fislisbach pr\u00e8s de Baden.\" \/>\n<meta property=\"og:url\" content=\"https:\/\/www.monopol-colors.ch\/fr\/contacts\/\" \/>\n<meta property=\"og:site_name\" content=\"Monopol Colors\" \/>\n<meta property=\"article:modified_time\" content=\"2024-02-12T13:24:31+00:00\" \/>\n<meta name=\"twitter:card\" content=\"summary_large_image\" \/>\n<meta name=\"twitter:label1\" content=\"Dur\u00e9e de lecture estim\u00e9e\" \/>\n\t<meta name=\"twitter:data1\" content=\"1 minute\" \/>\n<script type=\"application\/ld+json\" class=\"yoast-schema-graph\">{\"@context\":\"https:\/\/schema.org\",\"@graph\":[{\"@type\":\"WebPage\",\"@id\":\"https:\/\/www.monopol-colors.ch\/fr\/contacts\/\",\"url\":\"https:\/\/www.monopol-colors.ch\/fr\/contacts\/\",\"name\":\"Contacts \u2013 pour nous joindre \u00e0 Fislisbach | Monopol Colors\",\"isPartOf\":{\"@id\":\"https:\/\/www.monopol-colors.ch\/de\/#website\"},\"datePublished\":\"2018-08-29T13:13:05+00:00\",\"dateModified\":\"2024-02-12T13:24:31+00:00\",\"description\":\"Comment nous joindre: coordonn\u00e9es, interlocuteurs, adresse, plan d\u2019acc\u00e8s et itin\u00e9raire pour se rendre chez Monopol Colors Suisse \u00e0 Fislisbach pr\u00e8s de Baden.\",\"breadcrumb\":{\"@id\":\"https:\/\/www.monopol-colors.ch\/fr\/contacts\/#breadcrumb\"},\"inLanguage\":\"fr-FR\",\"potentialAction\":[{\"@type\":\"ReadAction\",\"target\":[\"https:\/\/www.monopol-colors.ch\/fr\/contacts\/\"]}]},{\"@type\":\"BreadcrumbList\",\"@id\":\"https:\/\/www.monopol-colors.ch\/fr\/contacts\/#breadcrumb\",\"itemListElement\":[{\"@type\":\"ListItem\",\"position\":1,\"name\":\"Home\",\"item\":\"https:\/\/www.monopol-colors.ch\/fr\/\"},{\"@type\":\"ListItem\",\"position\":2,\"name\":\"Contacts\"}]},{\"@type\":\"WebSite\",\"@id\":\"https:\/\/www.monopol-colors.ch\/de\/#website\",\"url\":\"https:\/\/www.monopol-colors.ch\/de\/\",\"name\":\"Monopol Colors\",\"description\":\"\",\"potentialAction\":[{\"@type\":\"SearchAction\",\"target\":{\"@type\":\"EntryPoint\",\"urlTemplate\":\"https:\/\/www.monopol-colors.ch\/de\/?s={search_term_string}\"},\"query-input\":{\"@type\":\"PropertyValueSpecification\",\"valueRequired\":true,\"valueName\":\"search_term_string\"}}],\"inLanguage\":\"fr-FR\"}]}<\/script>\n<!-- \/ Yoast SEO plugin. -->","yoast_head_json":{"title":"Contacts \u2013 pour nous joindre \u00e0 Fislisbach | Monopol Colors","description":"Comment nous joindre: coordonn\u00e9es, interlocuteurs, adresse, plan d\u2019acc\u00e8s et itin\u00e9raire pour se rendre chez Monopol Colors Suisse \u00e0 Fislisbach pr\u00e8s de Baden.","robots":{"index":"index","follow":"follow","max-snippet":"max-snippet:-1","max-image-preview":"max-image-preview:large","max-video-preview":"max-video-preview:-1"},"canonical":"https:\/\/www.monopol-colors.ch\/fr\/contacts\/","og_locale":"fr_FR","og_type":"article","og_title":"Contacts \u2013 pour nous joindre \u00e0 Fislisbach | Monopol Colors","og_description":"Comment nous joindre: coordonn\u00e9es, interlocuteurs, adresse, plan d\u2019acc\u00e8s et itin\u00e9raire pour se rendre chez Monopol Colors Suisse \u00e0 Fislisbach pr\u00e8s de Baden.","og_url":"https:\/\/www.monopol-colors.ch\/fr\/contacts\/","og_site_name":"Monopol Colors","article_modified_time":"2024-02-12T13:24:31+00:00","twitter_card":"summary_large_image","twitter_misc":{"Dur\u00e9e de lecture estim\u00e9e":"1 minute"},"schema":{"@context":"https:\/\/schema.org","@graph":[{"@type":"WebPage","@id":"https:\/\/www.monopol-colors.ch\/fr\/contacts\/","url":"https:\/\/www.monopol-colors.ch\/fr\/contacts\/","name":"Contacts \u2013 pour nous joindre \u00e0 Fislisbach | Monopol Colors","isPartOf":{"@id":"https:\/\/www.monopol-colors.ch\/de\/#website"},"datePublished":"2018-08-29T13:13:05+00:00","dateModified":"2024-02-12T13:24:31+00:00","description":"Comment nous joindre: coordonn\u00e9es, interlocuteurs, adresse, plan d\u2019acc\u00e8s et itin\u00e9raire pour se rendre chez Monopol Colors Suisse \u00e0 Fislisbach pr\u00e8s de Baden.","breadcrumb":{"@id":"https:\/\/www.monopol-colors.ch\/fr\/contacts\/#breadcrumb"},"inLanguage":"fr-FR","potentialAction":[{"@type":"ReadAction","target":["https:\/\/www.monopol-colors.ch\/fr\/contacts\/"]}]},{"@type":"BreadcrumbList","@id":"https:\/\/www.monopol-colors.ch\/fr\/contacts\/#breadcrumb","itemListElement":[{"@type":"ListItem","position":1,"name":"Home","item":"https:\/\/www.monopol-colors.ch\/fr\/"},{"@type":"ListItem","position":2,"name":"Contacts"}]},{"@type":"WebSite","@id":"https:\/\/www.monopol-colors.ch\/de\/#website","url":"https:\/\/www.monopol-colors.ch\/de\/","name":"Monopol Colors","description":"","potentialAction":[{"@type":"SearchAction","target":{"@type":"EntryPoint","urlTemplate":"https:\/\/www.monopol-colors.ch\/de\/?s={search_term_string}"},"query-input":{"@type":"PropertyValueSpecification","valueRequired":true,"valueName":"search_term_string"}}],"inLanguage":"fr-FR"}]}},"_links":{"self":[{"href":"https:\/\/www.monopol-colors.ch\/fr\/wp-json\/wp\/v2\/pages\/3850","targetHints":{"allow":["GET"]}}],"collection":[{"href":"https:\/\/www.monopol-colors.ch\/fr\/wp-json\/wp\/v2\/pages"}],"about":[{"href":"https:\/\/www.monopol-colors.ch\/fr\/wp-json\/wp\/v2\/types\/page"}],"author":[{"embeddable":true,"href":"https:\/\/www.monopol-colors.ch\/fr\/wp-json\/wp\/v2\/users\/2"}],"replies":[{"embeddable":true,"href":"https:\/\/www.monopol-colors.ch\/fr\/wp-json\/wp\/v2\/comments?post=3850"}],"version-history":[{"count":5,"href":"https:\/\/www.monopol-colors.ch\/fr\/wp-json\/wp\/v2\/pages\/3850\/revisions"}],"predecessor-version":[{"id":13967,"href":"https:\/\/www.monopol-colors.ch\/fr\/wp-json\/wp\/v2\/pages\/3850\/revisions\/13967"}],"wp:attachment":[{"href":"https:\/\/www.monopol-colors.ch\/fr\/wp-json\/wp\/v2\/media?parent=3850"}],"curies":[{"name":"wp","href":"https:\/\/api.w.org\/{rel}","templated":true}]}}