{"id":3863,"date":"2018-08-29T15:13:24","date_gmt":"2018-08-29T13:13:24","guid":{"rendered":"https:\/\/www.monopol-colors.ch\/afrika\/"},"modified":"2024-02-12T12:02:33","modified_gmt":"2024-02-12T10:02:33","slug":"afrique","status":"publish","type":"page","link":"https:\/\/www.monopol-colors.ch\/fr\/afrique\/","title":{"rendered":"Afrique"},"content":{"rendered":"<div class=\"wpb-content-wrapper\"><p>[vc_row el_class=\u00a0\u00bbwhite narrow\u00a0\u00bb][vc_column][vc_column_text]<\/p>\n<h1>Monopol Colors East Africa<\/h1>\n<h2>Site de production Nairobi<\/h2>\n<p>En 2015, Monopol Colors a pris pied sur le continent africain. La complexit\u00e9 de l\u2019environnement politique kenyan et des valeurs diff\u00e9rentes freinent le d\u00e9veloppement. Lionel Schlessinger reste n\u00e9anmoins convaincu d\u2019\u00eatre sur la bonne voie. La cl\u00e9 du succ\u00e8s: nommer des femmes aux postes d\u00e9cisifs.<\/p>\n<p>\u00abUn Kenya \u2013 une nation\u00bb, tel \u00e9tait le slogan du premier pr\u00e9sident kenyan, milieu des ann\u00e9es 1960. Aujourd\u2019hui encore, le r\u00eave d\u2019un pays unifi\u00e9 n\u2019est pas devenu r\u00e9alit\u00e9. Depuis son ind\u00e9pendance, le Kenya souffre de rivalit\u00e9s ethniques et la corruption est omnipr\u00e9sente. N\u00e9anmoins, ce pays repr\u00e9sente la principale \u00e9conomie d\u2019Afrique de l\u2019Est et y joue donc un r\u00f4le primordial.<\/p>\n<p>Lionel Schlessinger est persuad\u00e9 que l\u2019Afrique est le continent du futur. C\u2019est donc depuis Nairobi qu\u2019il veut couvrir l\u2019ensemble du march\u00e9 d\u2019Afrique orientale, \u00e0 savoir l\u2019\u00c9thiopie, l\u2019Ouganda, la Tanzanie et le Rwanda. Tout r\u00e9cemment, Monopol Colors East Africa (MCEA) a remplac\u00e9 son \u00e9quipe de vente. Dipan Patel, directeur g\u00e9n\u00e9ral et partenaire de MCEA: \u00abLes femmes savent prendre leurs responsabilit\u00e9s. Ce sont souvent elles qui g\u00e8rent les finances du m\u00e9nage\u00bb.<\/p>\n<p>Reste que les femmes occupent aussi des postes importants dans les entreprises. Depuis peu, ce sont mesdames Alice Wanjiku Kimani, Daisy Dolly et Sarah Alacky Achieng qui donnent le ton au sein de l\u2019\u00e9quipe de vente de Monopol Colors East Africa. Ainsi, en Afrique aussi, la vision de devenir le centre de comp\u00e9tences en peintures est en train de prendre forme.[\/vc_column_text]<div class=\"wpb_accordion_column wpb_content_element white small\"><div class=\"wpb_wrapper\"><div class=\"wpb_content_element wpb_accordion_column accordion_simple\"><div class=\"accordions accordions_0\"><div class=\"custom_accordion_item accordion custom_accordion accordion_1_0\"><div class=\"accordion__header\" id=\"accordion_header_1_0\"><div class=\"accordion_trigger js-accordion_trigger\" data-toggle=\"collapse\" \r\n\t\t\t\t\tdata-target=\"#accordion_content_1_0_acc686\" \r\n          aria-expanded=\"false\" aria-controls=\"accordion_content_1_0\"><h3 class=\"accordion-title accordion-title-icon icon--position-left js-accordion-controller\"><div>Contact<\/div><\/h3><\/div><\/div><div class=\"accordion__content collapse not-click-to-close\" id=\"accordion_content_1_0_acc686\" aria-labelledby=\"accordion_header_1_0\"><div class=\"inside\"><div class=\"accordion-content\"><div class=\"accordion__inside\"><div class=\"accordion__element\"><div class=\"accordion__element\"><p>Monopol Colors East Africa Ltd.<br \/>\nP.O. Box 24190-00100<br \/>\nBldg 7, Baricho Road<br \/>\nNairobi,\u00a0Kenya<\/p>\n<p>T\u00e9l\u00e9phone <a href=\"tel: +254 790 307 555\">+254 790 307 555<\/a><br \/>\n<a href=\"mailto:info@mcea.co.ke\">info@mcea.co.ke<\/a><\/p>\n<\/div><!-- Start Accordion Content --><\/div><\/div><\/div><\/div><\/div><\/div><\/div><\/div><\/div><\/div>[\/vc_column][\/vc_row]<\/p>\n<\/div>","protected":false},"excerpt":{"rendered":"<p>[vc_row el_class=\u00a0\u00bbwhite narrow\u00a0\u00bb][vc_column][vc_column_text] Monopol Colors East Africa Site de production Nairobi En 2015, Monopol Colors a pris pied sur le continent africain. La complexit\u00e9 de l\u2019environnement politique kenyan et des valeurs diff\u00e9rentes freinent le d\u00e9veloppement. Lionel Schlessinger reste n\u00e9anmoins convaincu d\u2019\u00eatre sur la bonne voie. La cl\u00e9 du succ\u00e8s: nommer des femmes aux postes d\u00e9cisifs. [&hellip;]<\/p>\n","protected":false},"author":2,"featured_media":0,"parent":0,"menu_order":60,"comment_status":"closed","ping_status":"closed","template":"page-headerbild.php","meta":{"_acf_changed":false,"footnotes":""},"class_list":["post-3863","page","type-page","status-publish","hentry"],"acf":[],"yoast_head":"<!-- This site is optimized with the Yoast SEO plugin v27.1.1 - https:\/\/yoast.com\/product\/yoast-seo-wordpress\/ -->\n<title>Afrique \u2013 des peintures pour le monde entier | Monopol Colors<\/title>\n<meta name=\"description\" content=\"En 2015, Monopol Colors s\u2019est \u00e9tendu en Afrique en cr\u00e9ant un site de production \u00e0 Nairobi depuis lequel Monopol Colors dessert le march\u00e9 est-africain.\" \/>\n<meta name=\"robots\" content=\"index, follow, max-snippet:-1, max-image-preview:large, max-video-preview:-1\" \/>\n<link rel=\"canonical\" href=\"https:\/\/www.monopol-colors.ch\/fr\/afrique\/\" \/>\n<meta property=\"og:locale\" content=\"fr_FR\" \/>\n<meta property=\"og:type\" content=\"article\" \/>\n<meta property=\"og:title\" content=\"Afrique \u2013 des peintures pour le monde entier | Monopol Colors\" \/>\n<meta property=\"og:description\" content=\"En 2015, Monopol Colors s\u2019est \u00e9tendu en Afrique en cr\u00e9ant un site de production \u00e0 Nairobi depuis lequel Monopol Colors dessert le march\u00e9 est-africain.\" \/>\n<meta property=\"og:url\" content=\"https:\/\/www.monopol-colors.ch\/fr\/afrique\/\" \/>\n<meta property=\"og:site_name\" content=\"Monopol Colors\" \/>\n<meta property=\"article:modified_time\" content=\"2024-02-12T10:02:33+00:00\" \/>\n<meta name=\"twitter:card\" content=\"summary_large_image\" \/>\n<meta name=\"twitter:label1\" content=\"Dur\u00e9e de lecture estim\u00e9e\" \/>\n\t<meta name=\"twitter:data1\" content=\"2 minutes\" \/>\n<script type=\"application\/ld+json\" class=\"yoast-schema-graph\">{\"@context\":\"https:\/\/schema.org\",\"@graph\":[{\"@type\":\"WebPage\",\"@id\":\"https:\/\/www.monopol-colors.ch\/fr\/afrique\/\",\"url\":\"https:\/\/www.monopol-colors.ch\/fr\/afrique\/\",\"name\":\"Afrique \u2013 des peintures pour le monde entier | Monopol Colors\",\"isPartOf\":{\"@id\":\"https:\/\/www.monopol-colors.ch\/de\/#website\"},\"datePublished\":\"2018-08-29T13:13:24+00:00\",\"dateModified\":\"2024-02-12T10:02:33+00:00\",\"description\":\"En 2015, Monopol Colors s\u2019est \u00e9tendu en Afrique en cr\u00e9ant un site de production \u00e0 Nairobi depuis lequel Monopol Colors dessert le march\u00e9 est-africain.\",\"breadcrumb\":{\"@id\":\"https:\/\/www.monopol-colors.ch\/fr\/afrique\/#breadcrumb\"},\"inLanguage\":\"fr-FR\",\"potentialAction\":[{\"@type\":\"ReadAction\",\"target\":[\"https:\/\/www.monopol-colors.ch\/fr\/afrique\/\"]}]},{\"@type\":\"BreadcrumbList\",\"@id\":\"https:\/\/www.monopol-colors.ch\/fr\/afrique\/#breadcrumb\",\"itemListElement\":[{\"@type\":\"ListItem\",\"position\":1,\"name\":\"Home\",\"item\":\"https:\/\/www.monopol-colors.ch\/fr\/\"},{\"@type\":\"ListItem\",\"position\":2,\"name\":\"Afrique\"}]},{\"@type\":\"WebSite\",\"@id\":\"https:\/\/www.monopol-colors.ch\/de\/#website\",\"url\":\"https:\/\/www.monopol-colors.ch\/de\/\",\"name\":\"Monopol Colors\",\"description\":\"\",\"potentialAction\":[{\"@type\":\"SearchAction\",\"target\":{\"@type\":\"EntryPoint\",\"urlTemplate\":\"https:\/\/www.monopol-colors.ch\/de\/?s={search_term_string}\"},\"query-input\":{\"@type\":\"PropertyValueSpecification\",\"valueRequired\":true,\"valueName\":\"search_term_string\"}}],\"inLanguage\":\"fr-FR\"}]}<\/script>\n<!-- \/ Yoast SEO plugin. -->","yoast_head_json":{"title":"Afrique \u2013 des peintures pour le monde entier | Monopol Colors","description":"En 2015, Monopol Colors s\u2019est \u00e9tendu en Afrique en cr\u00e9ant un site de production \u00e0 Nairobi depuis lequel Monopol Colors dessert le march\u00e9 est-africain.","robots":{"index":"index","follow":"follow","max-snippet":"max-snippet:-1","max-image-preview":"max-image-preview:large","max-video-preview":"max-video-preview:-1"},"canonical":"https:\/\/www.monopol-colors.ch\/fr\/afrique\/","og_locale":"fr_FR","og_type":"article","og_title":"Afrique \u2013 des peintures pour le monde entier | Monopol Colors","og_description":"En 2015, Monopol Colors s\u2019est \u00e9tendu en Afrique en cr\u00e9ant un site de production \u00e0 Nairobi depuis lequel Monopol Colors dessert le march\u00e9 est-africain.","og_url":"https:\/\/www.monopol-colors.ch\/fr\/afrique\/","og_site_name":"Monopol Colors","article_modified_time":"2024-02-12T10:02:33+00:00","twitter_card":"summary_large_image","twitter_misc":{"Dur\u00e9e de lecture estim\u00e9e":"2 minutes"},"schema":{"@context":"https:\/\/schema.org","@graph":[{"@type":"WebPage","@id":"https:\/\/www.monopol-colors.ch\/fr\/afrique\/","url":"https:\/\/www.monopol-colors.ch\/fr\/afrique\/","name":"Afrique \u2013 des peintures pour le monde entier | Monopol Colors","isPartOf":{"@id":"https:\/\/www.monopol-colors.ch\/de\/#website"},"datePublished":"2018-08-29T13:13:24+00:00","dateModified":"2024-02-12T10:02:33+00:00","description":"En 2015, Monopol Colors s\u2019est \u00e9tendu en Afrique en cr\u00e9ant un site de production \u00e0 Nairobi depuis lequel Monopol Colors dessert le march\u00e9 est-africain.","breadcrumb":{"@id":"https:\/\/www.monopol-colors.ch\/fr\/afrique\/#breadcrumb"},"inLanguage":"fr-FR","potentialAction":[{"@type":"ReadAction","target":["https:\/\/www.monopol-colors.ch\/fr\/afrique\/"]}]},{"@type":"BreadcrumbList","@id":"https:\/\/www.monopol-colors.ch\/fr\/afrique\/#breadcrumb","itemListElement":[{"@type":"ListItem","position":1,"name":"Home","item":"https:\/\/www.monopol-colors.ch\/fr\/"},{"@type":"ListItem","position":2,"name":"Afrique"}]},{"@type":"WebSite","@id":"https:\/\/www.monopol-colors.ch\/de\/#website","url":"https:\/\/www.monopol-colors.ch\/de\/","name":"Monopol Colors","description":"","potentialAction":[{"@type":"SearchAction","target":{"@type":"EntryPoint","urlTemplate":"https:\/\/www.monopol-colors.ch\/de\/?s={search_term_string}"},"query-input":{"@type":"PropertyValueSpecification","valueRequired":true,"valueName":"search_term_string"}}],"inLanguage":"fr-FR"}]}},"_links":{"self":[{"href":"https:\/\/www.monopol-colors.ch\/fr\/wp-json\/wp\/v2\/pages\/3863","targetHints":{"allow":["GET"]}}],"collection":[{"href":"https:\/\/www.monopol-colors.ch\/fr\/wp-json\/wp\/v2\/pages"}],"about":[{"href":"https:\/\/www.monopol-colors.ch\/fr\/wp-json\/wp\/v2\/types\/page"}],"author":[{"embeddable":true,"href":"https:\/\/www.monopol-colors.ch\/fr\/wp-json\/wp\/v2\/users\/2"}],"replies":[{"embeddable":true,"href":"https:\/\/www.monopol-colors.ch\/fr\/wp-json\/wp\/v2\/comments?post=3863"}],"version-history":[{"count":2,"href":"https:\/\/www.monopol-colors.ch\/fr\/wp-json\/wp\/v2\/pages\/3863\/revisions"}],"predecessor-version":[{"id":13930,"href":"https:\/\/www.monopol-colors.ch\/fr\/wp-json\/wp\/v2\/pages\/3863\/revisions\/13930"}],"wp:attachment":[{"href":"https:\/\/www.monopol-colors.ch\/fr\/wp-json\/wp\/v2\/media?parent=3863"}],"curies":[{"name":"wp","href":"https:\/\/api.w.org\/{rel}","templated":true}]}}