{"id":3869,"date":"2018-08-29T15:12:13","date_gmt":"2018-08-29T13:12:13","guid":{"rendered":"https:\/\/www.monopol-colors.ch\/reparatursprays\/"},"modified":"2019-03-27T04:46:22","modified_gmt":"2019-03-27T02:46:22","slug":"spray-reparateur","status":"publish","type":"page","link":"https:\/\/www.monopol-colors.ch\/fr\/spray-reparateur\/","title":{"rendered":"Spray r\u00e9parateur"},"content":{"rendered":"<div class=\"wpb-content-wrapper\"><p>[vc_row el_class=\u00a0\u00bbwhite narrow\u00a0\u00bb][vc_column][vc_column_text]<\/p>\n<h1>Spray r\u00e9parateur<\/h1>\n<h2>Une bombe de comp\u00e9tence<\/h2>\n<p>Con\u00e7u pour un emploi fonctionnel et tr\u00e8s facile \u00e0 utiliser: agiter bri\u00e8vement, puis pulv\u00e9riser la peinture pour obtenir la m\u00eame qualit\u00e9, la m\u00eame teinte et le m\u00eame brillant. Et voil\u00e0! Pour la version bicomposants, activer tout d\u2019abord le durcisseur par pression du bouton. Il n\u2019a jamais \u00e9t\u00e9 aussi facile de couvrir une soudure ou une rayure. Commandez aujourd\u2019hui jusqu\u2019\u00e0 10 h et recevez les produits souhait\u00e9s le lendemain: t\u00e9l\u00e9phone +41\u00a056\u00a0484\u00a077\u00a077.<\/p>\n<ul>\n<li>Pour toutes teintes<\/li>\n<li>Monocomposant et bicomposants<\/li>\n<li>Brume de pulv\u00e9risation minime<\/li>\n<li>Ne coule pas<\/li>\n<li>Excellent pouvoir couvrant<\/li>\n<\/ul>\n<p class=\"p1\">Suggestion: L\u2019id\u00e9al est de commander le spray en m\u00eame temps qu\u2019un bidon de peinture (le contenu du spray est tir\u00e9 du bidon et une \u00e9tiquette est appos\u00e9e sur le bidon). Sans commande d\u2019un bidon de peinture, le contenu doit \u00eatre m\u00e9lang\u00e9 sp\u00e9cialement, ce qui entra\u00eene d\u2019importants co\u00fbts suppl\u00e9mentaires.<\/p>\n<p>[\/vc_column_text]<div class=\"wpb_pdf_column wpb_content_element small white\"><div class=\"wpb_wrapper\"><a href=\"https:\/\/www.monopol-colors.ch\/wp-content\/uploads\/mon_prod_spray_f_20141001.pdf\" target=\"_blank\">Fiche d'information<\/a><\/div><\/div>[\/vc_column][\/vc_row]<\/p>\n<\/div>","protected":false},"excerpt":{"rendered":"<p>[vc_row el_class=\u00a0\u00bbwhite narrow\u00a0\u00bb][vc_column][vc_column_text] Spray r\u00e9parateur Une bombe de comp\u00e9tence Con\u00e7u pour un emploi fonctionnel et tr\u00e8s facile \u00e0 utiliser: agiter bri\u00e8vement, puis pulv\u00e9riser la peinture pour obtenir la m\u00eame qualit\u00e9, la m\u00eame teinte et le m\u00eame brillant. Et voil\u00e0! Pour la version bicomposants, activer tout d\u2019abord le durcisseur par pression du bouton. Il n\u2019a jamais [&hellip;]<\/p>\n","protected":false},"author":2,"featured_media":0,"parent":0,"menu_order":16,"comment_status":"closed","ping_status":"closed","template":"page-headerbild.php","meta":{"_acf_changed":false,"footnotes":""},"class_list":["post-3869","page","type-page","status-publish","hentry"],"acf":[],"yoast_head":"<!-- This site is optimized with the Yoast SEO plugin v27.1.1 - https:\/\/yoast.com\/product\/yoast-seo-wordpress\/ -->\n<title>Sprays r\u00e9parateurs \u2013 une bombe de comp\u00e9tence | Monopol Colors<\/title>\n<meta name=\"description\" content=\"Les sprays r\u00e9parateurs ont \u00e9t\u00e9 con\u00e7us pour un emploi fonctionnel et ais\u00e9. Couvrir une rayure est devenu un jeu d\u2019enfant.\" \/>\n<meta name=\"robots\" content=\"index, follow, max-snippet:-1, max-image-preview:large, max-video-preview:-1\" \/>\n<link rel=\"canonical\" href=\"https:\/\/www.monopol-colors.ch\/fr\/spray-reparateur\/\" \/>\n<meta property=\"og:locale\" content=\"fr_FR\" \/>\n<meta property=\"og:type\" content=\"article\" \/>\n<meta property=\"og:title\" content=\"Sprays r\u00e9parateurs \u2013 une bombe de comp\u00e9tence | Monopol Colors\" \/>\n<meta property=\"og:description\" content=\"Les sprays r\u00e9parateurs ont \u00e9t\u00e9 con\u00e7us pour un emploi fonctionnel et ais\u00e9. Couvrir une rayure est devenu un jeu d\u2019enfant.\" \/>\n<meta property=\"og:url\" content=\"https:\/\/www.monopol-colors.ch\/fr\/spray-reparateur\/\" \/>\n<meta property=\"og:site_name\" content=\"Monopol Colors\" \/>\n<meta property=\"article:modified_time\" content=\"2019-03-27T02:46:22+00:00\" \/>\n<meta name=\"twitter:card\" content=\"summary_large_image\" \/>\n<meta name=\"twitter:label1\" content=\"Dur\u00e9e de lecture estim\u00e9e\" \/>\n\t<meta name=\"twitter:data1\" content=\"1 minute\" \/>\n<script type=\"application\/ld+json\" class=\"yoast-schema-graph\">{\"@context\":\"https:\/\/schema.org\",\"@graph\":[{\"@type\":\"WebPage\",\"@id\":\"https:\/\/www.monopol-colors.ch\/fr\/spray-reparateur\/\",\"url\":\"https:\/\/www.monopol-colors.ch\/fr\/spray-reparateur\/\",\"name\":\"Sprays r\u00e9parateurs \u2013 une bombe de comp\u00e9tence | Monopol Colors\",\"isPartOf\":{\"@id\":\"https:\/\/www.monopol-colors.ch\/de\/#website\"},\"datePublished\":\"2018-08-29T13:12:13+00:00\",\"dateModified\":\"2019-03-27T02:46:22+00:00\",\"description\":\"Les sprays r\u00e9parateurs ont \u00e9t\u00e9 con\u00e7us pour un emploi fonctionnel et ais\u00e9. Couvrir une rayure est devenu un jeu d\u2019enfant.\",\"breadcrumb\":{\"@id\":\"https:\/\/www.monopol-colors.ch\/fr\/spray-reparateur\/#breadcrumb\"},\"inLanguage\":\"fr-FR\",\"potentialAction\":[{\"@type\":\"ReadAction\",\"target\":[\"https:\/\/www.monopol-colors.ch\/fr\/spray-reparateur\/\"]}]},{\"@type\":\"BreadcrumbList\",\"@id\":\"https:\/\/www.monopol-colors.ch\/fr\/spray-reparateur\/#breadcrumb\",\"itemListElement\":[{\"@type\":\"ListItem\",\"position\":1,\"name\":\"Home\",\"item\":\"https:\/\/www.monopol-colors.ch\/fr\/\"},{\"@type\":\"ListItem\",\"position\":2,\"name\":\"Spray r\u00e9parateur\"}]},{\"@type\":\"WebSite\",\"@id\":\"https:\/\/www.monopol-colors.ch\/de\/#website\",\"url\":\"https:\/\/www.monopol-colors.ch\/de\/\",\"name\":\"Monopol Colors\",\"description\":\"\",\"potentialAction\":[{\"@type\":\"SearchAction\",\"target\":{\"@type\":\"EntryPoint\",\"urlTemplate\":\"https:\/\/www.monopol-colors.ch\/de\/?s={search_term_string}\"},\"query-input\":{\"@type\":\"PropertyValueSpecification\",\"valueRequired\":true,\"valueName\":\"search_term_string\"}}],\"inLanguage\":\"fr-FR\"}]}<\/script>\n<!-- \/ Yoast SEO plugin. -->","yoast_head_json":{"title":"Sprays r\u00e9parateurs \u2013 une bombe de comp\u00e9tence | Monopol Colors","description":"Les sprays r\u00e9parateurs ont \u00e9t\u00e9 con\u00e7us pour un emploi fonctionnel et ais\u00e9. Couvrir une rayure est devenu un jeu d\u2019enfant.","robots":{"index":"index","follow":"follow","max-snippet":"max-snippet:-1","max-image-preview":"max-image-preview:large","max-video-preview":"max-video-preview:-1"},"canonical":"https:\/\/www.monopol-colors.ch\/fr\/spray-reparateur\/","og_locale":"fr_FR","og_type":"article","og_title":"Sprays r\u00e9parateurs \u2013 une bombe de comp\u00e9tence | Monopol Colors","og_description":"Les sprays r\u00e9parateurs ont \u00e9t\u00e9 con\u00e7us pour un emploi fonctionnel et ais\u00e9. Couvrir une rayure est devenu un jeu d\u2019enfant.","og_url":"https:\/\/www.monopol-colors.ch\/fr\/spray-reparateur\/","og_site_name":"Monopol Colors","article_modified_time":"2019-03-27T02:46:22+00:00","twitter_card":"summary_large_image","twitter_misc":{"Dur\u00e9e de lecture estim\u00e9e":"1 minute"},"schema":{"@context":"https:\/\/schema.org","@graph":[{"@type":"WebPage","@id":"https:\/\/www.monopol-colors.ch\/fr\/spray-reparateur\/","url":"https:\/\/www.monopol-colors.ch\/fr\/spray-reparateur\/","name":"Sprays r\u00e9parateurs \u2013 une bombe de comp\u00e9tence | Monopol Colors","isPartOf":{"@id":"https:\/\/www.monopol-colors.ch\/de\/#website"},"datePublished":"2018-08-29T13:12:13+00:00","dateModified":"2019-03-27T02:46:22+00:00","description":"Les sprays r\u00e9parateurs ont \u00e9t\u00e9 con\u00e7us pour un emploi fonctionnel et ais\u00e9. Couvrir une rayure est devenu un jeu d\u2019enfant.","breadcrumb":{"@id":"https:\/\/www.monopol-colors.ch\/fr\/spray-reparateur\/#breadcrumb"},"inLanguage":"fr-FR","potentialAction":[{"@type":"ReadAction","target":["https:\/\/www.monopol-colors.ch\/fr\/spray-reparateur\/"]}]},{"@type":"BreadcrumbList","@id":"https:\/\/www.monopol-colors.ch\/fr\/spray-reparateur\/#breadcrumb","itemListElement":[{"@type":"ListItem","position":1,"name":"Home","item":"https:\/\/www.monopol-colors.ch\/fr\/"},{"@type":"ListItem","position":2,"name":"Spray r\u00e9parateur"}]},{"@type":"WebSite","@id":"https:\/\/www.monopol-colors.ch\/de\/#website","url":"https:\/\/www.monopol-colors.ch\/de\/","name":"Monopol Colors","description":"","potentialAction":[{"@type":"SearchAction","target":{"@type":"EntryPoint","urlTemplate":"https:\/\/www.monopol-colors.ch\/de\/?s={search_term_string}"},"query-input":{"@type":"PropertyValueSpecification","valueRequired":true,"valueName":"search_term_string"}}],"inLanguage":"fr-FR"}]}},"_links":{"self":[{"href":"https:\/\/www.monopol-colors.ch\/fr\/wp-json\/wp\/v2\/pages\/3869","targetHints":{"allow":["GET"]}}],"collection":[{"href":"https:\/\/www.monopol-colors.ch\/fr\/wp-json\/wp\/v2\/pages"}],"about":[{"href":"https:\/\/www.monopol-colors.ch\/fr\/wp-json\/wp\/v2\/types\/page"}],"author":[{"embeddable":true,"href":"https:\/\/www.monopol-colors.ch\/fr\/wp-json\/wp\/v2\/users\/2"}],"replies":[{"embeddable":true,"href":"https:\/\/www.monopol-colors.ch\/fr\/wp-json\/wp\/v2\/comments?post=3869"}],"version-history":[{"count":0,"href":"https:\/\/www.monopol-colors.ch\/fr\/wp-json\/wp\/v2\/pages\/3869\/revisions"}],"wp:attachment":[{"href":"https:\/\/www.monopol-colors.ch\/fr\/wp-json\/wp\/v2\/media?parent=3869"}],"curies":[{"name":"wp","href":"https:\/\/api.w.org\/{rel}","templated":true}]}}