{"id":3873,"date":"2018-08-29T15:12:53","date_gmt":"2018-08-29T13:12:53","guid":{"rendered":"https:\/\/www.monopol-colors.ch\/kompetenzen\/"},"modified":"2023-05-10T17:12:53","modified_gmt":"2023-05-10T15:12:53","slug":"comptences","status":"publish","type":"page","link":"https:\/\/www.monopol-colors.ch\/fr\/comptences\/","title":{"rendered":"Comp\u00e9tences"},"content":{"rendered":"<div class=\"wpb-content-wrapper\"><p>[vc_row el_class=\u00a0\u00bbwhite narrow\u00a0\u00bb][vc_column][vc_column_text]<\/p>\n<h1 class=\"p1\">Centre de comp\u00e9tences en peintures<\/h1>\n<h2 class=\"p1\">Notre vision nous engage<\/h2>\n<p class=\"p1\">Pour nous am\u00e9liorer, nous nous remettons constamment en question: que savons-nous faire? Dans quel domaine sommes-nous \u00e0 la pointe? Et quels avantages nos clients, et les clients de nos clients, en tirent-ils? C\u2019est ainsi que nous sommes \u00e0 m\u00eame de comprendre les aspects particuliers de notre entreprise, par exemple le Color Lab, l\u2019atelier cr\u00e9atif pour architectes et concepteurs, ou notre rapidit\u00e9 imbattable: commandez aujourd\u2019hui jusqu\u2019\u00e0 10 h et recevez les produits souhait\u00e9s le lendemain, partout en Europe centrale. Faites connaissance de nos cinq comp\u00e9tences:<\/p>\n<ul class=\"ul1\">\n<li class=\"li2\"><a href=\"https:\/\/www.monopol-colors.ch\/fr\/competence\/colordesign\/\"><span class=\"s1\"><span class=\"s2\">Color Design<\/span><\/span><\/a><\/li>\n<li class=\"li2\"><a href=\"https:\/\/www.monopol-colors.ch\/fr\/competence\/peintures-la-demande\/\"><span class=\"s1\"><span class=\"s2\">Peintures \u00e0 la demande<\/span><\/span><\/a><\/li>\n<li class=\"li2\"><a href=\"https:\/\/www.monopol-colors.ch\/fr\/competence\/revtements-fluoropolymres\/\"><span class=\"s1\"><span class=\"s2\">Technologie fluoropolym\u00e8r<\/span><\/span><\/a><\/li>\n<li class=\"li1\"><a href=\"https:\/\/www.monopol-colors.ch\/fr\/competence\/protection-anticorrosion-certifie-iso-12944\/\">Protection anticorrosion<\/a><\/li>\n<li class=\"li1\"><a href=\"https:\/\/www.monopol-colors.ch\/fr\/competence\/renovation-de-facades-qualiproetec\/\">R\u00e9novation de fa\u00e7ades Qualiprotec<\/a><\/li>\n<\/ul>\n<p>[\/vc_column_text][\/vc_column][\/vc_row][vc_row][vc_column]<div class=\"wpb_kompetenz_column wpb_content_element all-container white\"><div class=\"wpb_wrapper\"><div class=\"inside\"><h3>Toutes les comp\u00e9tences<\/h3><div class=\"owl-carousel owl-theme\"><div class=\"kompetenz-single single item ytvideo\"><a class=\"full\" href=\"https:\/\/www.monopol-colors.ch\/fr\/competence\/peintures-la-demande\/\"><\/a><div class=\"media-container\"><div class=\"video-container youtube\"><iframe width=\"560\" height=\"315\" \n                          frameborder=\"0\" allow=\"autoplay; encrypted-media\" allowfullscreen=\"\" \n                          data-src=\"https:\/\/www.youtube.com\/embed\/IMMS3WgBzhM?rel=0&showinfo=0&controls=0&autoplay=1&loop=1&mute=1\" class=\"lazycarousel\"><\/iframe><\/div><div class=\"single-overlay\"><p>Si notre base de donn\u00e9es contient la formule de votre peinture, nous vous livrons le produit souhait\u00e9, de 5 \u00e0 500 kg, en l\u2019espace d\u2019un jour, que ce soit \u00e0 Paris, \u00e0 Rome, \u00e0 Vienne ou \u00e0 Hambourg.<\/p><\/div><\/div><p>Peintures \u00e0 la demande<\/p><\/div><div class=\"kompetenz-single single item ytvideo\"><a class=\"full\" href=\"https:\/\/www.monopol-colors.ch\/fr\/competence\/colordesign\/\"><\/a><div class=\"media-container\"><div class=\"video-container youtube\"><iframe width=\"560\" height=\"315\" \n                          frameborder=\"0\" allow=\"autoplay; encrypted-media\" allowfullscreen=\"\" \n                          data-src=\"https:\/\/www.youtube.com\/embed\/un3wLuUkf_8?rel=0&showinfo=0&controls=0&autoplay=1&loop=1&mute=1\" class=\"lazycarousel\"><\/iframe><\/div><div class=\"single-overlay\"><p>Dans le nouveau Color Lab de Monopol Colors, c\u2019est \u00e0 vous de m\u00e9langer les pigments, les p\u00e2tes et les poudres. <\/p><\/div><\/div><p>Color Design<\/p><\/div><div class=\"kompetenz-single single item img\"><a class=\"full\" href=\"https:\/\/www.monopol-colors.ch\/fr\/competence\/protection-anticorrosion-certifiee-iso-12944\/\"><\/a><div class=\"media-container\"><img decoding=\"async\" data-src2=\"https:\/\/www.monopol-colors.ch\/wp-content\/uploads\/Korrosionsschutz-ISO-1294-250x250.jpg\" src=\"data:image\/gif;base64,R0lGODlhAQABAIAAAP\/\/\/wAAACH5BAEAAAAALAAAAAABAAEAAAICRAEAOw==\" alt=\"Protection anticorrosion certifi\u00e9e\"><div class=\"single-overlay\"><p>Une \u00e9paisseur de couche minimale pour une protection maximale. <\/p><\/div><\/div><p>Protection anticorrosion certifi\u00e9e<\/p><\/div><div class=\"kompetenz-single single item ytvideo\"><a class=\"full\" href=\"https:\/\/www.monopol-colors.ch\/fr\/competence\/revetements-fluoropolymeres\/\"><\/a><div class=\"media-container\"><div class=\"video-container youtube\"><iframe width=\"560\" height=\"315\" \n                          frameborder=\"0\" allow=\"autoplay; encrypted-media\" allowfullscreen=\"\" \n                          data-src=\"https:\/\/www.youtube.com\/embed\/pT_KszGkA7g?rel=0&showinfo=0&controls=0&autoplay=1&loop=1&mute=1\" class=\"lazycarousel\"><\/iframe><\/div><div class=\"single-overlay\"><p>Nos rev\u00eatements fluoropolym\u00e8res Lumiflon fonctionnent selon le m\u00eame principe: ils repoussent l\u2019eau, les impuret\u00e9s n\u2019adh\u00e8rent pas, les mousses et lichens n\u2019arrivent pas \u00e0 s\u2019attacher.<\/p><\/div><\/div><p>Rev\u00eatements fluoropolym\u00e8res<\/p><\/div><div class=\"kompetenz-single single item img\"><a class=\"full\" href=\"https:\/\/www.monopol-colors.ch\/fr\/competence\/renovation-de-facades-qualiproetec\/\"><\/a><div class=\"media-container\"><img decoding=\"async\" data-src2=\"https:\/\/www.monopol-colors.ch\/wp-content\/uploads\/quadrat_fassadenrenovierung-250x250.jpg\" src=\"data:image\/gif;base64,R0lGODlhAQABAIAAAP\/\/\/wAAACH5BAEAAAAALAAAAAABAAEAAAICRAEAOw==\" alt=\"R\u00e9novation de fa\u00e7ades Qualiproetec\"><div class=\"single-overlay\"><p>Apr\u00e8s la r\u00e9novation avec Qualiprotec, elles retrouvent tout leur \u00e9clat et b\u00e9n\u00e9ficient d\u2019une nouvelle protection pour les vingt prochaines ann\u00e9es.<\/p><\/div><\/div><p>R\u00e9novation de fa\u00e7ades Qualiproetec<\/p><\/div><\/div><\/div><\/div><\/div>[\/vc_column][\/vc_row]<\/p>\n<\/div>","protected":false},"excerpt":{"rendered":"<p>[vc_row el_class=\u00a0\u00bbwhite narrow\u00a0\u00bb][vc_column][vc_column_text] Centre de comp\u00e9tences en peintures Notre vision nous engage Pour nous am\u00e9liorer, nous nous remettons constamment en question: que savons-nous faire? Dans quel domaine sommes-nous \u00e0 la pointe? Et quels avantages nos clients, et les clients de nos clients, en tirent-ils? C\u2019est ainsi que nous sommes \u00e0 m\u00eame de comprendre les aspects [&hellip;]<\/p>\n","protected":false},"author":2,"featured_media":0,"parent":0,"menu_order":24,"comment_status":"closed","ping_status":"closed","template":"page-headerbild.php","meta":{"_acf_changed":false,"footnotes":""},"class_list":["post-3873","page","type-page","status-publish","hentry"],"acf":[],"yoast_head":"<!-- This site is optimized with the Yoast SEO plugin v27.1.1 - https:\/\/yoast.com\/product\/yoast-seo-wordpress\/ -->\n<title>Comp\u00e9tences \u2013 le centre de comp\u00e9tences en peintures | Monopol Colors<\/title>\n<meta name=\"description\" content=\"Monopol est le centre de comp\u00e9tences en peintures. Une affirmation pour laquelle nous nous engageons. Faites connaissance de nos cinq comp\u00e9tences.\" \/>\n<meta name=\"robots\" content=\"index, follow, max-snippet:-1, max-image-preview:large, max-video-preview:-1\" \/>\n<link rel=\"canonical\" href=\"https:\/\/www.monopol-colors.ch\/fr\/comptences\/\" \/>\n<meta property=\"og:locale\" content=\"fr_FR\" \/>\n<meta property=\"og:type\" content=\"article\" \/>\n<meta property=\"og:title\" content=\"Comp\u00e9tences \u2013 le centre de comp\u00e9tences en peintures | Monopol Colors\" \/>\n<meta property=\"og:description\" content=\"Monopol est le centre de comp\u00e9tences en peintures. Une affirmation pour laquelle nous nous engageons. Faites connaissance de nos cinq comp\u00e9tences.\" \/>\n<meta property=\"og:url\" content=\"https:\/\/www.monopol-colors.ch\/fr\/comptences\/\" \/>\n<meta property=\"og:site_name\" content=\"Monopol Colors\" \/>\n<meta property=\"article:modified_time\" content=\"2023-05-10T15:12:53+00:00\" \/>\n<meta name=\"twitter:card\" content=\"summary_large_image\" \/>\n<meta name=\"twitter:label1\" content=\"Dur\u00e9e de lecture estim\u00e9e\" \/>\n\t<meta name=\"twitter:data1\" content=\"1 minute\" \/>\n<script type=\"application\/ld+json\" class=\"yoast-schema-graph\">{\"@context\":\"https:\/\/schema.org\",\"@graph\":[{\"@type\":\"WebPage\",\"@id\":\"https:\/\/www.monopol-colors.ch\/fr\/comptences\/\",\"url\":\"https:\/\/www.monopol-colors.ch\/fr\/comptences\/\",\"name\":\"Comp\u00e9tences \u2013 le centre de comp\u00e9tences en peintures | Monopol Colors\",\"isPartOf\":{\"@id\":\"https:\/\/www.monopol-colors.ch\/de\/#website\"},\"datePublished\":\"2018-08-29T13:12:53+00:00\",\"dateModified\":\"2023-05-10T15:12:53+00:00\",\"description\":\"Monopol est le centre de comp\u00e9tences en peintures. Une affirmation pour laquelle nous nous engageons. Faites connaissance de nos cinq comp\u00e9tences.\",\"breadcrumb\":{\"@id\":\"https:\/\/www.monopol-colors.ch\/fr\/comptences\/#breadcrumb\"},\"inLanguage\":\"fr-FR\",\"potentialAction\":[{\"@type\":\"ReadAction\",\"target\":[\"https:\/\/www.monopol-colors.ch\/fr\/comptences\/\"]}]},{\"@type\":\"BreadcrumbList\",\"@id\":\"https:\/\/www.monopol-colors.ch\/fr\/comptences\/#breadcrumb\",\"itemListElement\":[{\"@type\":\"ListItem\",\"position\":1,\"name\":\"Home\",\"item\":\"https:\/\/www.monopol-colors.ch\/fr\/\"},{\"@type\":\"ListItem\",\"position\":2,\"name\":\"Comp\u00e9tences\"}]},{\"@type\":\"WebSite\",\"@id\":\"https:\/\/www.monopol-colors.ch\/de\/#website\",\"url\":\"https:\/\/www.monopol-colors.ch\/de\/\",\"name\":\"Monopol Colors\",\"description\":\"\",\"potentialAction\":[{\"@type\":\"SearchAction\",\"target\":{\"@type\":\"EntryPoint\",\"urlTemplate\":\"https:\/\/www.monopol-colors.ch\/de\/?s={search_term_string}\"},\"query-input\":{\"@type\":\"PropertyValueSpecification\",\"valueRequired\":true,\"valueName\":\"search_term_string\"}}],\"inLanguage\":\"fr-FR\"}]}<\/script>\n<!-- \/ Yoast SEO plugin. -->","yoast_head_json":{"title":"Comp\u00e9tences \u2013 le centre de comp\u00e9tences en peintures | Monopol Colors","description":"Monopol est le centre de comp\u00e9tences en peintures. Une affirmation pour laquelle nous nous engageons. Faites connaissance de nos cinq comp\u00e9tences.","robots":{"index":"index","follow":"follow","max-snippet":"max-snippet:-1","max-image-preview":"max-image-preview:large","max-video-preview":"max-video-preview:-1"},"canonical":"https:\/\/www.monopol-colors.ch\/fr\/comptences\/","og_locale":"fr_FR","og_type":"article","og_title":"Comp\u00e9tences \u2013 le centre de comp\u00e9tences en peintures | Monopol Colors","og_description":"Monopol est le centre de comp\u00e9tences en peintures. Une affirmation pour laquelle nous nous engageons. Faites connaissance de nos cinq comp\u00e9tences.","og_url":"https:\/\/www.monopol-colors.ch\/fr\/comptences\/","og_site_name":"Monopol Colors","article_modified_time":"2023-05-10T15:12:53+00:00","twitter_card":"summary_large_image","twitter_misc":{"Dur\u00e9e de lecture estim\u00e9e":"1 minute"},"schema":{"@context":"https:\/\/schema.org","@graph":[{"@type":"WebPage","@id":"https:\/\/www.monopol-colors.ch\/fr\/comptences\/","url":"https:\/\/www.monopol-colors.ch\/fr\/comptences\/","name":"Comp\u00e9tences \u2013 le centre de comp\u00e9tences en peintures | Monopol Colors","isPartOf":{"@id":"https:\/\/www.monopol-colors.ch\/de\/#website"},"datePublished":"2018-08-29T13:12:53+00:00","dateModified":"2023-05-10T15:12:53+00:00","description":"Monopol est le centre de comp\u00e9tences en peintures. Une affirmation pour laquelle nous nous engageons. Faites connaissance de nos cinq comp\u00e9tences.","breadcrumb":{"@id":"https:\/\/www.monopol-colors.ch\/fr\/comptences\/#breadcrumb"},"inLanguage":"fr-FR","potentialAction":[{"@type":"ReadAction","target":["https:\/\/www.monopol-colors.ch\/fr\/comptences\/"]}]},{"@type":"BreadcrumbList","@id":"https:\/\/www.monopol-colors.ch\/fr\/comptences\/#breadcrumb","itemListElement":[{"@type":"ListItem","position":1,"name":"Home","item":"https:\/\/www.monopol-colors.ch\/fr\/"},{"@type":"ListItem","position":2,"name":"Comp\u00e9tences"}]},{"@type":"WebSite","@id":"https:\/\/www.monopol-colors.ch\/de\/#website","url":"https:\/\/www.monopol-colors.ch\/de\/","name":"Monopol Colors","description":"","potentialAction":[{"@type":"SearchAction","target":{"@type":"EntryPoint","urlTemplate":"https:\/\/www.monopol-colors.ch\/de\/?s={search_term_string}"},"query-input":{"@type":"PropertyValueSpecification","valueRequired":true,"valueName":"search_term_string"}}],"inLanguage":"fr-FR"}]}},"_links":{"self":[{"href":"https:\/\/www.monopol-colors.ch\/fr\/wp-json\/wp\/v2\/pages\/3873","targetHints":{"allow":["GET"]}}],"collection":[{"href":"https:\/\/www.monopol-colors.ch\/fr\/wp-json\/wp\/v2\/pages"}],"about":[{"href":"https:\/\/www.monopol-colors.ch\/fr\/wp-json\/wp\/v2\/types\/page"}],"author":[{"embeddable":true,"href":"https:\/\/www.monopol-colors.ch\/fr\/wp-json\/wp\/v2\/users\/2"}],"replies":[{"embeddable":true,"href":"https:\/\/www.monopol-colors.ch\/fr\/wp-json\/wp\/v2\/comments?post=3873"}],"version-history":[{"count":9,"href":"https:\/\/www.monopol-colors.ch\/fr\/wp-json\/wp\/v2\/pages\/3873\/revisions"}],"predecessor-version":[{"id":13398,"href":"https:\/\/www.monopol-colors.ch\/fr\/wp-json\/wp\/v2\/pages\/3873\/revisions\/13398"}],"wp:attachment":[{"href":"https:\/\/www.monopol-colors.ch\/fr\/wp-json\/wp\/v2\/media?parent=3873"}],"curies":[{"name":"wp","href":"https:\/\/api.w.org\/{rel}","templated":true}]}}